{"id":2405,"date":"2025-09-20T17:14:39","date_gmt":"2025-09-20T12:14:39","guid":{"rendered":"https:\/\/mahsul.uz\/dondurulmus-meyve-ve-sebzeler\/"},"modified":"2025-12-08T02:37:34","modified_gmt":"2025-12-07T21:37:34","slug":"dondurulmus-meyve-ve-sebzeler","status":"publish","type":"page","link":"https:\/\/mahsul.uz\/tr\/urun-katalogu\/dondurulmus-meyve-ve-sebzeler\/","title":{"rendered":"Dondurulmu\u015f Meyve ve Sebzeler"},"content":{"rendered":"\t\t<div data-elementor-type=\"wp-page\" data-elementor-id=\"2405\" class=\"elementor elementor-2405 elementor-159\">\n\t\t\t\t<div class=\"elementor-element elementor-element-7f095d0 e-flex e-con-boxed e-con e-parent\" data-id=\"7f095d0\" data-element_type=\"container\" data-e-type=\"container\">\n\t\t\t\t\t<div class=\"e-con-inner\">\n\t\t<div class=\"elementor-element elementor-element-aa6685e e-grid e-con-full e-con e-child\" data-id=\"aa6685e\" data-element_type=\"container\" data-e-type=\"container\">\n\t\t\t\t<div class=\"elementor-element elementor-element-aae2639 elementor-position-top elementor-widget elementor-widget-image-box\" data-id=\"aae2639\" data-element_type=\"widget\" data-e-type=\"widget\" data-widget_type=\"image-box.default\">\n\t\t\t\t\t<div class=\"elementor-image-box-wrapper\"><figure class=\"elementor-image-box-img\"><img fetchpriority=\"high\" decoding=\"async\" width=\"558\" height=\"600\" src=\"https:\/\/mahsul.uz\/wp-content\/uploads\/2025\/09\/vishnya.png\" class=\"attachment-full size-full wp-image-2332\" alt=\"\" srcset=\"https:\/\/mahsul.uz\/wp-content\/uploads\/2025\/09\/vishnya.png 558w, https:\/\/mahsul.uz\/wp-content\/uploads\/2025\/09\/vishnya-279x300.png 279w\" sizes=\"(max-width: 558px) 100vw, 558px\" \/><\/figure><div class=\"elementor-image-box-content\"><h3 class=\"elementor-image-box-title\">Vi\u015fne<\/h3><\/div><\/div>\t\t\t\t<\/div>\n\t\t\t\t<div class=\"elementor-element elementor-element-60b89b5 elementor-position-top elementor-widget elementor-widget-image-box\" data-id=\"60b89b5\" data-element_type=\"widget\" data-e-type=\"widget\" data-widget_type=\"image-box.default\">\n\t\t\t\t\t<div class=\"elementor-image-box-wrapper\"><figure class=\"elementor-image-box-img\"><img decoding=\"async\" width=\"558\" height=\"600\" src=\"https:\/\/mahsul.uz\/wp-content\/uploads\/2025\/10\/malina.png\" class=\"attachment-full size-full wp-image-2333\" alt=\"\" srcset=\"https:\/\/mahsul.uz\/wp-content\/uploads\/2025\/10\/malina.png 558w, https:\/\/mahsul.uz\/wp-content\/uploads\/2025\/10\/malina-279x300.png 279w\" sizes=\"(max-width: 558px) 100vw, 558px\" \/><\/figure><div class=\"elementor-image-box-content\"><h3 class=\"elementor-image-box-title\">Ahududu<\/h3><\/div><\/div>\t\t\t\t<\/div>\n\t\t\t\t<div class=\"elementor-element elementor-element-b0cecc0 elementor-position-top elementor-widget elementor-widget-image-box\" data-id=\"b0cecc0\" data-element_type=\"widget\" data-e-type=\"widget\" data-widget_type=\"image-box.default\">\n\t\t\t\t\t<div class=\"elementor-image-box-wrapper\"><figure class=\"elementor-image-box-img\"><img decoding=\"async\" width=\"558\" height=\"600\" src=\"https:\/\/mahsul.uz\/wp-content\/uploads\/2025\/09\/brokoli.png\" class=\"attachment-full size-full wp-image-2334\" alt=\"\" srcset=\"https:\/\/mahsul.uz\/wp-content\/uploads\/2025\/09\/brokoli.png 558w, https:\/\/mahsul.uz\/wp-content\/uploads\/2025\/09\/brokoli-279x300.png 279w\" sizes=\"(max-width: 558px) 100vw, 558px\" \/><\/figure><div class=\"elementor-image-box-content\"><h3 class=\"elementor-image-box-title\">Brokoli<\/h3><\/div><\/div>\t\t\t\t<\/div>\n\t\t\t\t<div class=\"elementor-element elementor-element-4366b9f elementor-position-top elementor-widget elementor-widget-image-box\" data-id=\"4366b9f\" data-element_type=\"widget\" data-e-type=\"widget\" data-widget_type=\"image-box.default\">\n\t\t\t\t\t<div class=\"elementor-image-box-wrapper\"><figure class=\"elementor-image-box-img\"><img loading=\"lazy\" decoding=\"async\" width=\"558\" height=\"600\" src=\"https:\/\/mahsul.uz\/wp-content\/uploads\/2025\/09\/cvetnaya-kapusta.png\" class=\"attachment-full size-full wp-image-2335\" alt=\"\" srcset=\"https:\/\/mahsul.uz\/wp-content\/uploads\/2025\/09\/cvetnaya-kapusta.png 558w, https:\/\/mahsul.uz\/wp-content\/uploads\/2025\/09\/cvetnaya-kapusta-279x300.png 279w\" sizes=\"(max-width: 558px) 100vw, 558px\" \/><\/figure><div class=\"elementor-image-box-content\"><h3 class=\"elementor-image-box-title\">Karnabahar<\/h3><\/div><\/div>\t\t\t\t<\/div>\n\t\t\t\t<\/div>\n\t\t\t\t\t<\/div>\n\t\t\t\t<\/div>\n\t\t<div class=\"elementor-element elementor-element-39a5414e e-flex e-con-boxed e-con e-parent\" data-id=\"39a5414e\" data-element_type=\"container\" data-e-type=\"container\" data-settings=\"{&quot;background_background&quot;:&quot;classic&quot;}\">\n\t\t\t\t\t<div class=\"e-con-inner\">\n\t\t\t\t<div class=\"elementor-element elementor-element-40fa790e elementor-widget elementor-widget-heading\" data-id=\"40fa790e\" data-element_type=\"widget\" data-e-type=\"widget\" data-widget_type=\"heading.default\">\n\t\t\t\t\t<h1 class=\"elementor-heading-title elementor-size-default\">\u0130\u015fbirli\u011fine Davet Ediyoruz<\/h1>\t\t\t\t<\/div>\n\t\t\t\t<div class=\"elementor-element elementor-element-33b12351 elementor-widget elementor-widget-text-editor\" data-id=\"33b12351\" data-element_type=\"widget\" data-e-type=\"widget\" data-widget_type=\"text-editor.default\">\n\t\t\t\t\t\t\t\t\t<p>Ba\u015far\u0131l\u0131 ve kar\u015f\u0131l\u0131kl\u0131 faydal\u0131 i\u015fbirli\u011fi i\u00e7in en iyi ko\u015fullar\u0131 sunmaya haz\u0131r\u0131z.<\/p>\t\t\t\t\t\t\t\t<\/div>\n\t\t\t\t<div class=\"elementor-element elementor-element-477727f0 elementor-align-center omw-open-modal elementor-widget elementor-widget-button\" data-id=\"477727f0\" data-element_type=\"widget\" data-e-type=\"widget\" data-widget_type=\"button.default\">\n\t\t\t\t\t\t\t\t\t\t<a class=\"elementor-button elementor-button-link elementor-size-sm\" href=\"#omw-3144\">\n\t\t\t\t\t\t<span class=\"elementor-button-content-wrapper\">\n\t\t\t\t\t\t\t\t\t<span class=\"elementor-button-text\">Ba\u015fvuru B\u0131rak\u0131n<\/span>\n\t\t\t\t\t<\/span>\n\t\t\t\t\t<\/a>\n\t\t\t\t\t\t\t\t<\/div>\n\t\t\t\t\t<\/div>\n\t\t\t\t<\/div>\n\t\t\t\t<\/div>\n\t\t","protected":false},"excerpt":{"rendered":"<p>Vi\u015fne Ahududu Brokoli Karnabahar \u0130\u015fbirli\u011fine Davet Ediyoruz Ba\u015far\u0131l\u0131 ve kar\u015f\u0131l\u0131kl\u0131 faydal\u0131 i\u015fbirli\u011fi i\u00e7in en iyi ko\u015fullar\u0131 sunmaya haz\u0131r\u0131z. Ba\u015fvuru B\u0131rak\u0131n<\/p>\n","protected":false},"author":1,"featured_media":0,"parent":2615,"menu_order":70,"comment_status":"closed","ping_status":"closed","template":"","meta":{"inline_featured_image":false,"ocean_post_layout":"","ocean_both_sidebars_style":"","ocean_both_sidebars_content_width":0,"ocean_both_sidebars_sidebars_width":0,"ocean_sidebar":"","ocean_second_sidebar":"","ocean_disable_margins":"enable","ocean_add_body_class":"","ocean_shortcode_before_top_bar":"","ocean_shortcode_after_top_bar":"","ocean_shortcode_before_header":"","ocean_shortcode_after_header":"","ocean_has_shortcode":"","ocean_shortcode_after_title":"","ocean_shortcode_before_footer_widgets":"","ocean_shortcode_after_footer_widgets":"","ocean_shortcode_before_footer_bottom":"","ocean_shortcode_after_footer_bottom":"","ocean_display_top_bar":"default","ocean_display_header":"default","ocean_header_style":"","ocean_center_header_left_menu":"","ocean_custom_header_template":"","ocean_custom_logo":0,"ocean_custom_retina_logo":0,"ocean_custom_logo_max_width":0,"ocean_custom_logo_tablet_max_width":0,"ocean_custom_logo_mobile_max_width":0,"ocean_custom_logo_max_height":0,"ocean_custom_logo_tablet_max_height":0,"ocean_custom_logo_mobile_max_height":0,"ocean_header_custom_menu":"","ocean_menu_typo_font_family":"","ocean_menu_typo_font_subset":"","ocean_menu_typo_font_size":0,"ocean_menu_typo_font_size_tablet":0,"ocean_menu_typo_font_size_mobile":0,"ocean_menu_typo_font_size_unit":"px","ocean_menu_typo_font_weight":"","ocean_menu_typo_font_weight_tablet":"","ocean_menu_typo_font_weight_mobile":"","ocean_menu_typo_transform":"","ocean_menu_typo_transform_tablet":"","ocean_menu_typo_transform_mobile":"","ocean_menu_typo_line_height":0,"ocean_menu_typo_line_height_tablet":0,"ocean_menu_typo_line_height_mobile":0,"ocean_menu_typo_line_height_unit":"","ocean_menu_typo_spacing":0,"ocean_menu_typo_spacing_tablet":0,"ocean_menu_typo_spacing_mobile":0,"ocean_menu_typo_spacing_unit":"","ocean_menu_link_color":"","ocean_menu_link_color_hover":"","ocean_menu_link_color_active":"","ocean_menu_link_background":"","ocean_menu_link_hover_background":"","ocean_menu_link_active_background":"","ocean_menu_social_links_bg":"","ocean_menu_social_hover_links_bg":"","ocean_menu_social_links_color":"","ocean_menu_social_hover_links_color":"","ocean_disable_title":"default","ocean_disable_heading":"default","ocean_post_title":"","ocean_post_subheading":"\u00d6zbekistan'dan dondurulmu\u015f meyve ve sebzeler - kolay saklama, kalite ve mevsim d\u0131\u015f\u0131 tazelik.","ocean_post_title_style":"","ocean_post_title_background_color":"","ocean_post_title_background":0,"ocean_post_title_bg_image_position":"","ocean_post_title_bg_image_attachment":"","ocean_post_title_bg_image_repeat":"","ocean_post_title_bg_image_size":"","ocean_post_title_height":0,"ocean_post_title_bg_overlay":0.5,"ocean_post_title_bg_overlay_color":"","ocean_disable_breadcrumbs":"default","ocean_breadcrumbs_color":"","ocean_breadcrumbs_separator_color":"","ocean_breadcrumbs_links_color":"","ocean_breadcrumbs_links_hover_color":"","ocean_display_footer_widgets":"default","ocean_display_footer_bottom":"default","ocean_custom_footer_template":"","omw_enable_modal_window":"enable","footnotes":""},"class_list":["post-2405","page","type-page","status-publish","hentry","entry"],"yoast_head":"<!-- This site is optimized with the Yoast SEO plugin v27.4 - https:\/\/yoast.com\/product\/yoast-seo-wordpress\/ -->\n<title>Dondurulmu\u015f Meyve ve Sebzeler - Mahsul<\/title>\n<meta name=\"robots\" content=\"index, follow, max-snippet:-1, max-image-preview:large, max-video-preview:-1\" \/>\n<link rel=\"canonical\" href=\"https:\/\/mahsul.uz\/tr\/urun-katalogu\/dondurulmus-meyve-ve-sebzeler\/\" \/>\n<meta property=\"og:locale\" content=\"tr_TR\" \/>\n<meta property=\"og:type\" content=\"article\" \/>\n<meta property=\"og:title\" content=\"Dondurulmu\u015f Meyve ve Sebzeler - Mahsul\" \/>\n<meta property=\"og:description\" content=\"Vi\u015fne Ahududu Brokoli Karnabahar \u0130\u015fbirli\u011fine Davet Ediyoruz Ba\u015far\u0131l\u0131 ve kar\u015f\u0131l\u0131kl\u0131 faydal\u0131 i\u015fbirli\u011fi i\u00e7in en iyi ko\u015fullar\u0131 sunmaya haz\u0131r\u0131z. Ba\u015fvuru B\u0131rak\u0131n\" \/>\n<meta property=\"og:url\" content=\"https:\/\/mahsul.uz\/tr\/urun-katalogu\/dondurulmus-meyve-ve-sebzeler\/\" \/>\n<meta property=\"og:site_name\" content=\"Mahsul\" \/>\n<meta property=\"article:publisher\" content=\"https:\/\/www.facebook.com\/mahsulglobal\" \/>\n<meta property=\"article:modified_time\" content=\"2025-12-07T21:37:34+00:00\" \/>\n<meta property=\"og:image\" content=\"https:\/\/mahsul.uz\/wp-content\/uploads\/2025\/09\/vishnya.png\" \/>\n\t<meta property=\"og:image:width\" content=\"558\" \/>\n\t<meta property=\"og:image:height\" content=\"600\" \/>\n\t<meta property=\"og:image:type\" content=\"image\/png\" \/>\n<meta name=\"twitter:card\" content=\"summary_large_image\" \/>\n<meta name=\"twitter:label1\" content=\"Tahmini okuma s\u00fcresi\" \/>\n\t<meta name=\"twitter:data1\" content=\"1 dakika\" \/>\n<script type=\"application\/ld+json\" class=\"yoast-schema-graph\">{\"@context\":\"https:\\\/\\\/schema.org\",\"@graph\":[{\"@type\":\"WebPage\",\"@id\":\"https:\\\/\\\/mahsul.uz\\\/tr\\\/urun-katalogu\\\/dondurulmus-meyve-ve-sebzeler\\\/\",\"url\":\"https:\\\/\\\/mahsul.uz\\\/tr\\\/urun-katalogu\\\/dondurulmus-meyve-ve-sebzeler\\\/\",\"name\":\"Dondurulmu\u015f Meyve ve Sebzeler - Mahsul\",\"isPartOf\":{\"@id\":\"https:\\\/\\\/mahsul.uz\\\/tr\\\/#website\"},\"primaryImageOfPage\":{\"@id\":\"https:\\\/\\\/mahsul.uz\\\/tr\\\/urun-katalogu\\\/dondurulmus-meyve-ve-sebzeler\\\/#primaryimage\"},\"image\":{\"@id\":\"https:\\\/\\\/mahsul.uz\\\/tr\\\/urun-katalogu\\\/dondurulmus-meyve-ve-sebzeler\\\/#primaryimage\"},\"thumbnailUrl\":\"https:\\\/\\\/mahsul.uz\\\/wp-content\\\/uploads\\\/2025\\\/09\\\/vishnya.png\",\"datePublished\":\"2025-09-20T12:14:39+00:00\",\"dateModified\":\"2025-12-07T21:37:34+00:00\",\"breadcrumb\":{\"@id\":\"https:\\\/\\\/mahsul.uz\\\/tr\\\/urun-katalogu\\\/dondurulmus-meyve-ve-sebzeler\\\/#breadcrumb\"},\"inLanguage\":\"tr\",\"potentialAction\":[{\"@type\":\"ReadAction\",\"target\":[\"https:\\\/\\\/mahsul.uz\\\/tr\\\/urun-katalogu\\\/dondurulmus-meyve-ve-sebzeler\\\/\"]}]},{\"@type\":\"ImageObject\",\"inLanguage\":\"tr\",\"@id\":\"https:\\\/\\\/mahsul.uz\\\/tr\\\/urun-katalogu\\\/dondurulmus-meyve-ve-sebzeler\\\/#primaryimage\",\"url\":\"https:\\\/\\\/mahsul.uz\\\/wp-content\\\/uploads\\\/2025\\\/09\\\/vishnya.png\",\"contentUrl\":\"https:\\\/\\\/mahsul.uz\\\/wp-content\\\/uploads\\\/2025\\\/09\\\/vishnya.png\"},{\"@type\":\"BreadcrumbList\",\"@id\":\"https:\\\/\\\/mahsul.uz\\\/tr\\\/urun-katalogu\\\/dondurulmus-meyve-ve-sebzeler\\\/#breadcrumb\",\"itemListElement\":[{\"@type\":\"ListItem\",\"position\":1,\"name\":\"Ana Sayfa\",\"item\":\"https:\\\/\\\/mahsul.uz\\\/tr\\\/\"},{\"@type\":\"ListItem\",\"position\":2,\"name\":\"\u00dcr\u00fcn Katalo\u011fu\",\"item\":\"https:\\\/\\\/mahsul.uz\\\/tr\\\/urun-katalogu\\\/\"},{\"@type\":\"ListItem\",\"position\":3,\"name\":\"Dondurulmu\u015f Meyve ve Sebzeler\"}]},{\"@type\":\"WebSite\",\"@id\":\"https:\\\/\\\/mahsul.uz\\\/tr\\\/#website\",\"url\":\"https:\\\/\\\/mahsul.uz\\\/tr\\\/\",\"name\":\"Mahsul\",\"description\":\"\u00d6zbekistan&#039;da tar\u0131msal toplay\u0131c\u0131\",\"publisher\":{\"@id\":\"https:\\\/\\\/mahsul.uz\\\/tr\\\/#organization\"},\"potentialAction\":[{\"@type\":\"SearchAction\",\"target\":{\"@type\":\"EntryPoint\",\"urlTemplate\":\"https:\\\/\\\/mahsul.uz\\\/tr\\\/?s={search_term_string}\"},\"query-input\":{\"@type\":\"PropertyValueSpecification\",\"valueRequired\":true,\"valueName\":\"search_term_string\"}}],\"inLanguage\":\"tr\"},{\"@type\":\"Organization\",\"@id\":\"https:\\\/\\\/mahsul.uz\\\/tr\\\/#organization\",\"name\":\"Mahsul\",\"url\":\"https:\\\/\\\/mahsul.uz\\\/tr\\\/\",\"logo\":{\"@type\":\"ImageObject\",\"inLanguage\":\"tr\",\"@id\":\"https:\\\/\\\/mahsul.uz\\\/tr\\\/#\\\/schema\\\/logo\\\/image\\\/\",\"url\":\"https:\\\/\\\/mahsul.uz\\\/wp-content\\\/uploads\\\/2025\\\/12\\\/Mahsul-Web.png\",\"contentUrl\":\"https:\\\/\\\/mahsul.uz\\\/wp-content\\\/uploads\\\/2025\\\/12\\\/Mahsul-Web.png\",\"width\":1500,\"height\":1500,\"caption\":\"Mahsul\"},\"image\":{\"@id\":\"https:\\\/\\\/mahsul.uz\\\/tr\\\/#\\\/schema\\\/logo\\\/image\\\/\"},\"sameAs\":[\"https:\\\/\\\/www.facebook.com\\\/mahsulglobal\",\"https:\\\/\\\/www.instagram.com\\\/mahsulgroup\",\"https:\\\/\\\/www.linkedin.com\\\/company\\\/mahsul\\\/\"]}]}<\/script>\n<!-- \/ Yoast SEO plugin. -->","yoast_head_json":{"title":"Dondurulmu\u015f Meyve ve Sebzeler - Mahsul","robots":{"index":"index","follow":"follow","max-snippet":"max-snippet:-1","max-image-preview":"max-image-preview:large","max-video-preview":"max-video-preview:-1"},"canonical":"https:\/\/mahsul.uz\/tr\/urun-katalogu\/dondurulmus-meyve-ve-sebzeler\/","og_locale":"tr_TR","og_type":"article","og_title":"Dondurulmu\u015f Meyve ve Sebzeler - Mahsul","og_description":"Vi\u015fne Ahududu Brokoli Karnabahar \u0130\u015fbirli\u011fine Davet Ediyoruz Ba\u015far\u0131l\u0131 ve kar\u015f\u0131l\u0131kl\u0131 faydal\u0131 i\u015fbirli\u011fi i\u00e7in en iyi ko\u015fullar\u0131 sunmaya haz\u0131r\u0131z. Ba\u015fvuru B\u0131rak\u0131n","og_url":"https:\/\/mahsul.uz\/tr\/urun-katalogu\/dondurulmus-meyve-ve-sebzeler\/","og_site_name":"Mahsul","article_publisher":"https:\/\/www.facebook.com\/mahsulglobal","article_modified_time":"2025-12-07T21:37:34+00:00","og_image":[{"width":558,"height":600,"url":"https:\/\/mahsul.uz\/wp-content\/uploads\/2025\/09\/vishnya.png","type":"image\/png"}],"twitter_card":"summary_large_image","twitter_misc":{"Tahmini okuma s\u00fcresi":"1 dakika"},"schema":{"@context":"https:\/\/schema.org","@graph":[{"@type":"WebPage","@id":"https:\/\/mahsul.uz\/tr\/urun-katalogu\/dondurulmus-meyve-ve-sebzeler\/","url":"https:\/\/mahsul.uz\/tr\/urun-katalogu\/dondurulmus-meyve-ve-sebzeler\/","name":"Dondurulmu\u015f Meyve ve Sebzeler - Mahsul","isPartOf":{"@id":"https:\/\/mahsul.uz\/tr\/#website"},"primaryImageOfPage":{"@id":"https:\/\/mahsul.uz\/tr\/urun-katalogu\/dondurulmus-meyve-ve-sebzeler\/#primaryimage"},"image":{"@id":"https:\/\/mahsul.uz\/tr\/urun-katalogu\/dondurulmus-meyve-ve-sebzeler\/#primaryimage"},"thumbnailUrl":"https:\/\/mahsul.uz\/wp-content\/uploads\/2025\/09\/vishnya.png","datePublished":"2025-09-20T12:14:39+00:00","dateModified":"2025-12-07T21:37:34+00:00","breadcrumb":{"@id":"https:\/\/mahsul.uz\/tr\/urun-katalogu\/dondurulmus-meyve-ve-sebzeler\/#breadcrumb"},"inLanguage":"tr","potentialAction":[{"@type":"ReadAction","target":["https:\/\/mahsul.uz\/tr\/urun-katalogu\/dondurulmus-meyve-ve-sebzeler\/"]}]},{"@type":"ImageObject","inLanguage":"tr","@id":"https:\/\/mahsul.uz\/tr\/urun-katalogu\/dondurulmus-meyve-ve-sebzeler\/#primaryimage","url":"https:\/\/mahsul.uz\/wp-content\/uploads\/2025\/09\/vishnya.png","contentUrl":"https:\/\/mahsul.uz\/wp-content\/uploads\/2025\/09\/vishnya.png"},{"@type":"BreadcrumbList","@id":"https:\/\/mahsul.uz\/tr\/urun-katalogu\/dondurulmus-meyve-ve-sebzeler\/#breadcrumb","itemListElement":[{"@type":"ListItem","position":1,"name":"Ana Sayfa","item":"https:\/\/mahsul.uz\/tr\/"},{"@type":"ListItem","position":2,"name":"\u00dcr\u00fcn Katalo\u011fu","item":"https:\/\/mahsul.uz\/tr\/urun-katalogu\/"},{"@type":"ListItem","position":3,"name":"Dondurulmu\u015f Meyve ve Sebzeler"}]},{"@type":"WebSite","@id":"https:\/\/mahsul.uz\/tr\/#website","url":"https:\/\/mahsul.uz\/tr\/","name":"Mahsul","description":"\u00d6zbekistan&#039;da tar\u0131msal toplay\u0131c\u0131","publisher":{"@id":"https:\/\/mahsul.uz\/tr\/#organization"},"potentialAction":[{"@type":"SearchAction","target":{"@type":"EntryPoint","urlTemplate":"https:\/\/mahsul.uz\/tr\/?s={search_term_string}"},"query-input":{"@type":"PropertyValueSpecification","valueRequired":true,"valueName":"search_term_string"}}],"inLanguage":"tr"},{"@type":"Organization","@id":"https:\/\/mahsul.uz\/tr\/#organization","name":"Mahsul","url":"https:\/\/mahsul.uz\/tr\/","logo":{"@type":"ImageObject","inLanguage":"tr","@id":"https:\/\/mahsul.uz\/tr\/#\/schema\/logo\/image\/","url":"https:\/\/mahsul.uz\/wp-content\/uploads\/2025\/12\/Mahsul-Web.png","contentUrl":"https:\/\/mahsul.uz\/wp-content\/uploads\/2025\/12\/Mahsul-Web.png","width":1500,"height":1500,"caption":"Mahsul"},"image":{"@id":"https:\/\/mahsul.uz\/tr\/#\/schema\/logo\/image\/"},"sameAs":["https:\/\/www.facebook.com\/mahsulglobal","https:\/\/www.instagram.com\/mahsulgroup","https:\/\/www.linkedin.com\/company\/mahsul\/"]}]}},"_links":{"self":[{"href":"https:\/\/mahsul.uz\/tr\/wp-json\/wp\/v2\/pages\/2405","targetHints":{"allow":["GET"]}}],"collection":[{"href":"https:\/\/mahsul.uz\/tr\/wp-json\/wp\/v2\/pages"}],"about":[{"href":"https:\/\/mahsul.uz\/tr\/wp-json\/wp\/v2\/types\/page"}],"author":[{"embeddable":true,"href":"https:\/\/mahsul.uz\/tr\/wp-json\/wp\/v2\/users\/1"}],"replies":[{"embeddable":true,"href":"https:\/\/mahsul.uz\/tr\/wp-json\/wp\/v2\/comments?post=2405"}],"version-history":[{"count":3,"href":"https:\/\/mahsul.uz\/tr\/wp-json\/wp\/v2\/pages\/2405\/revisions"}],"predecessor-version":[{"id":3317,"href":"https:\/\/mahsul.uz\/tr\/wp-json\/wp\/v2\/pages\/2405\/revisions\/3317"}],"up":[{"embeddable":true,"href":"https:\/\/mahsul.uz\/tr\/wp-json\/wp\/v2\/pages\/2615"}],"wp:attachment":[{"href":"https:\/\/mahsul.uz\/tr\/wp-json\/wp\/v2\/media?parent=2405"}],"curies":[{"name":"wp","href":"https:\/\/api.w.org\/{rel}","templated":true}]}}