{"id":2513,"date":"2025-09-21T08:28:08","date_gmt":"2025-09-21T03:28:08","guid":{"rendered":"https:\/\/mahsul.uz\/mahsul-frozen\/"},"modified":"2025-12-08T19:25:43","modified_gmt":"2025-12-08T14:25:43","slug":"mahsul-frozen","status":"publish","type":"page","link":"https:\/\/mahsul.uz\/tr\/bolumler\/mahsul-frozen\/","title":{"rendered":"Mahsul Frozen"},"content":{"rendered":"\t\t<div data-elementor-type=\"wp-page\" data-elementor-id=\"2513\" class=\"elementor elementor-2513 elementor-190\">\n\t\t\t\t<div class=\"elementor-element elementor-element-14a742b e-flex e-con-boxed e-con e-parent\" data-id=\"14a742b\" data-element_type=\"container\" data-e-type=\"container\">\n\t\t\t\t\t<div class=\"e-con-inner\">\n\t\t\t\t<div class=\"elementor-element elementor-element-46e5fa8 elementor-widget elementor-widget-text-editor\" data-id=\"46e5fa8\" data-element_type=\"widget\" data-e-type=\"widget\" data-widget_type=\"text-editor.default\">\n\t\t\t\t\t\t\t\t\t<p>Mahsul Frozen, Mahsul \u015firketinin dondurulmu\u015f meyve ve sebze tedarikinde uzmanla\u015fm\u0131\u015f bir b\u00f6l\u00fcm\u00fcd\u00fcr. \u00dcr\u00fcnlerin tad\u0131n\u0131, rengini, dokusunu ve besin de\u011ferini sanki yeni toplanm\u0131\u015f gibi korumam\u0131z\u0131 sa\u011flayan modern \u015fok dondurma teknolojilerini kullan\u0131yoruz. <\/p><p>Dondurulmu\u015f \u00fcr\u00fcnler, saklama kolayl\u0131\u011f\u0131, kullan\u0131m \u00e7e\u015fitlili\u011fi ve y\u0131l boyunca hasat\u0131n tad\u0131n\u0131 \u00e7\u0131karma imkan\u0131 sayesinde d\u00fcnya \u00e7ap\u0131nda giderek daha fazla talep g\u00f6rmektedir. Mahsul Frozen, \u00d6zbekistan&#8217;\u0131n tazeli\u011fini her mevsim eri\u015filebilir k\u0131larak, her meyvenin do\u011fal tad\u0131n\u0131 ve faydas\u0131n\u0131 korur. <\/p><p>Dondurulmu\u015f \u00fcr\u00fcnlerin taze \u00fcr\u00fcnler kadar lezzetli ve faydal\u0131 olmas\u0131 gerekti\u011fine inan\u0131yoruz. Mahsul Frozen, \u00e7ift\u00e7i eme\u011fini, yenilik\u00e7i teknolojileri ve uluslararas\u0131 standartlar\u0131 bir araya getirerek bunu m\u00fcmk\u00fcn k\u0131l\u0131yor. <\/p>\t\t\t\t\t\t\t\t<\/div>\n\t\t\t\t\t<\/div>\n\t\t\t\t<\/div>\n\t\t<div class=\"elementor-element elementor-element-2371792 e-flex e-con-boxed e-con e-parent\" data-id=\"2371792\" data-element_type=\"container\" data-e-type=\"container\" data-settings=\"{&quot;background_background&quot;:&quot;classic&quot;}\">\n\t\t\t\t\t<div class=\"e-con-inner\">\n\t\t\t\t\t<\/div>\n\t\t\t\t<\/div>\n\t\t<div class=\"elementor-element elementor-element-04e71aa e-flex e-con-boxed e-con e-parent\" data-id=\"04e71aa\" data-element_type=\"container\" data-e-type=\"container\">\n\t\t\t\t\t<div class=\"e-con-inner\">\n\t\t<div class=\"elementor-element elementor-element-f5455b6 e-con-full e-flex e-con e-child\" data-id=\"f5455b6\" data-element_type=\"container\" data-e-type=\"container\">\n\t\t\t\t<div class=\"elementor-element elementor-element-9ca97ed elementor-widget elementor-widget-heading\" data-id=\"9ca97ed\" data-element_type=\"widget\" data-e-type=\"widget\" data-widget_type=\"heading.default\">\n\t\t\t\t\t<h2 class=\"elementor-heading-title elementor-size-default\">Kalite Standartlar\u0131<\/h2>\t\t\t\t<\/div>\n\t\t\t\t<div class=\"elementor-element elementor-element-ed21847 elementor-widget elementor-widget-text-editor\" data-id=\"ed21847\" data-element_type=\"widget\" data-e-type=\"widget\" data-widget_type=\"text-editor.default\">\n\t\t\t\t\t\t\t\t\t<ul data-start=\"1085\" data-end=\"1421\"><li data-start=\"1085\" data-end=\"1178\"><p data-start=\"1087\" data-end=\"1178\">Hasattan hemen sonra \u015fok dondurma &#8211; vitaminlerin ve minerallerin %95&#8217;e kadar korunmas\u0131.<\/p><\/li><li data-start=\"1179\" data-end=\"1243\"><p data-start=\"1181\" data-end=\"1243\">Dondurma \u00f6ncesi \u00e7ok a\u015famal\u0131 ay\u0131klama ve kontrol.<\/p><\/li><li data-start=\"1244\" data-end=\"1341\"><p data-start=\"1246\" data-end=\"1341\">Kolay saklama ve kullan\u0131m i\u00e7in modern ambalajlama (flow-pack, vakum, zip-lock).<\/p><\/li><li data-start=\"1342\" data-end=\"1421\"><p data-start=\"1344\" data-end=\"1421\">Uluslararas\u0131 g\u00fcvenlik ve kalite standartlar\u0131na uygunluk.<\/p><\/li><\/ul>\t\t\t\t\t\t\t\t<\/div>\n\t\t\t\t<\/div>\n\t\t<div class=\"elementor-element elementor-element-958c68c e-con-full e-flex e-con e-child\" data-id=\"958c68c\" data-element_type=\"container\" data-e-type=\"container\">\n\t\t\t\t<div class=\"elementor-element elementor-element-7cf3182 elementor-widget elementor-widget-heading\" data-id=\"7cf3182\" data-element_type=\"widget\" data-e-type=\"widget\" data-widget_type=\"heading.default\">\n\t\t\t\t\t<h2 class=\"elementor-heading-title elementor-size-default\">Mahsul Frozen'\u0131n Avantajlar\u0131<\/h2>\t\t\t\t<\/div>\n\t\t\t\t<div class=\"elementor-element elementor-element-863e4c1 elementor-widget elementor-widget-text-editor\" data-id=\"863e4c1\" data-element_type=\"widget\" data-e-type=\"widget\" data-widget_type=\"text-editor.default\">\n\t\t\t\t\t\t\t\t\t<ul data-start=\"1818\" data-end=\"2127\"><li data-start=\"1818\" data-end=\"1890\"><p data-start=\"1820\" data-end=\"1890\">Y\u0131l boyu eri\u015filebilirlik &#8211; mevsimden ba\u011f\u0131ms\u0131z taze tat.<\/p><\/li><li data-start=\"1891\" data-end=\"1957\"><p data-start=\"1893\" data-end=\"1957\">Zaman tasarrufu &#8211; kullan\u0131ma haz\u0131r meyve ve sebzeler.<\/p><\/li><li data-start=\"1958\" data-end=\"2039\"><p data-start=\"1960\" data-end=\"2039\">Koruyucu madde kullanmadan tazelik ve besin de\u011ferlerinin korunmas\u0131.<\/p><\/li><li data-start=\"2040\" data-end=\"2127\"><p data-start=\"2042\" data-end=\"2127\">Esnek tedarik &#8211; paketlenmi\u015f \u00fcr\u00fcnlerden end\u00fcstriyel toplu partilere kadar.<\/p><\/li><\/ul>\t\t\t\t\t\t\t\t<\/div>\n\t\t\t\t<\/div>\n\t\t\t\t\t<\/div>\n\t\t\t\t<\/div>\n\t\t<div class=\"elementor-element elementor-element-d830eac e-flex e-con-boxed e-con e-parent\" data-id=\"d830eac\" data-element_type=\"container\" data-e-type=\"container\">\n\t\t\t\t\t<div class=\"e-con-inner\">\n\t\t<div class=\"elementor-element elementor-element-8c7b757 e-con-full e-flex e-con e-child\" data-id=\"8c7b757\" data-element_type=\"container\" data-e-type=\"container\">\n\t\t<div class=\"elementor-element elementor-element-90668de e-con-full e-flex e-con e-child\" data-id=\"90668de\" data-element_type=\"container\" data-e-type=\"container\">\n\t\t\t\t<div class=\"elementor-element elementor-element-587d448 elementor-widget elementor-widget-heading\" data-id=\"587d448\" data-element_type=\"widget\" data-e-type=\"widget\" data-widget_type=\"heading.default\">\n\t\t\t\t\t<h2 class=\"elementor-heading-title elementor-size-default\">\u00dcr\u00fcn Katalo\u011fu<\/h2>\t\t\t\t<\/div>\n\t\t<div class=\"elementor-element elementor-element-1ceeaa8 e-grid e-con-full e-con e-child\" data-id=\"1ceeaa8\" data-element_type=\"container\" data-e-type=\"container\">\n\t\t\t\t<div class=\"elementor-element elementor-element-708361b elementor-position-top elementor-widget elementor-widget-image-box\" data-id=\"708361b\" data-element_type=\"widget\" data-e-type=\"widget\" data-widget_type=\"image-box.default\">\n\t\t\t\t\t<div class=\"elementor-image-box-wrapper\"><figure class=\"elementor-image-box-img\"><img fetchpriority=\"high\" decoding=\"async\" width=\"558\" height=\"600\" src=\"https:\/\/mahsul.uz\/wp-content\/uploads\/2025\/09\/vishnya.png\" class=\"attachment-full size-full wp-image-2332\" alt=\"\" srcset=\"https:\/\/mahsul.uz\/wp-content\/uploads\/2025\/09\/vishnya.png 558w, https:\/\/mahsul.uz\/wp-content\/uploads\/2025\/09\/vishnya-279x300.png 279w\" sizes=\"(max-width: 558px) 100vw, 558px\" \/><\/figure><div class=\"elementor-image-box-content\"><h3 class=\"elementor-image-box-title\">Vi\u015fne<\/h3><\/div><\/div>\t\t\t\t<\/div>\n\t\t\t\t<div class=\"elementor-element elementor-element-f87abdd elementor-position-top elementor-widget elementor-widget-image-box\" data-id=\"f87abdd\" data-element_type=\"widget\" data-e-type=\"widget\" data-widget_type=\"image-box.default\">\n\t\t\t\t\t<div class=\"elementor-image-box-wrapper\"><figure class=\"elementor-image-box-img\"><img decoding=\"async\" width=\"558\" height=\"600\" src=\"https:\/\/mahsul.uz\/wp-content\/uploads\/2025\/10\/malina.png\" class=\"attachment-full size-full wp-image-2333\" alt=\"\" srcset=\"https:\/\/mahsul.uz\/wp-content\/uploads\/2025\/10\/malina.png 558w, https:\/\/mahsul.uz\/wp-content\/uploads\/2025\/10\/malina-279x300.png 279w\" sizes=\"(max-width: 558px) 100vw, 558px\" \/><\/figure><div class=\"elementor-image-box-content\"><h3 class=\"elementor-image-box-title\">Ahududu<\/h3><\/div><\/div>\t\t\t\t<\/div>\n\t\t\t\t<div class=\"elementor-element elementor-element-967dfb2 elementor-position-top elementor-widget elementor-widget-image-box\" data-id=\"967dfb2\" data-element_type=\"widget\" data-e-type=\"widget\" data-widget_type=\"image-box.default\">\n\t\t\t\t\t<div class=\"elementor-image-box-wrapper\"><figure class=\"elementor-image-box-img\"><img decoding=\"async\" width=\"558\" height=\"600\" src=\"https:\/\/mahsul.uz\/wp-content\/uploads\/2025\/09\/brokoli.png\" class=\"attachment-full size-full wp-image-2334\" alt=\"\" srcset=\"https:\/\/mahsul.uz\/wp-content\/uploads\/2025\/09\/brokoli.png 558w, https:\/\/mahsul.uz\/wp-content\/uploads\/2025\/09\/brokoli-279x300.png 279w\" sizes=\"(max-width: 558px) 100vw, 558px\" \/><\/figure><div class=\"elementor-image-box-content\"><h3 class=\"elementor-image-box-title\">Brokoli<\/h3><\/div><\/div>\t\t\t\t<\/div>\n\t\t\t\t<div class=\"elementor-element elementor-element-315993a elementor-position-top elementor-widget elementor-widget-image-box\" data-id=\"315993a\" data-element_type=\"widget\" data-e-type=\"widget\" data-widget_type=\"image-box.default\">\n\t\t\t\t\t<div class=\"elementor-image-box-wrapper\"><figure class=\"elementor-image-box-img\"><img loading=\"lazy\" decoding=\"async\" width=\"558\" height=\"600\" src=\"https:\/\/mahsul.uz\/wp-content\/uploads\/2025\/09\/cvetnaya-kapusta.png\" class=\"attachment-full size-full wp-image-2335\" alt=\"\" srcset=\"https:\/\/mahsul.uz\/wp-content\/uploads\/2025\/09\/cvetnaya-kapusta.png 558w, https:\/\/mahsul.uz\/wp-content\/uploads\/2025\/09\/cvetnaya-kapusta-279x300.png 279w\" sizes=\"(max-width: 558px) 100vw, 558px\" \/><\/figure><div class=\"elementor-image-box-content\"><h3 class=\"elementor-image-box-title\">Karnabahar<\/h3><\/div><\/div>\t\t\t\t<\/div>\n\t\t\t\t<\/div>\n\t\t\t\t<\/div>\n\t\t\t\t<\/div>\n\t\t\t\t\t<\/div>\n\t\t\t\t<\/div>\n\t\t<div class=\"elementor-element elementor-element-1307fdab e-flex e-con-boxed e-con e-parent\" data-id=\"1307fdab\" data-element_type=\"container\" data-e-type=\"container\" data-settings=\"{&quot;background_background&quot;:&quot;classic&quot;}\">\n\t\t\t\t\t<div class=\"e-con-inner\">\n\t\t\t\t<div class=\"elementor-element elementor-element-4a1eed27 elementor-widget elementor-widget-heading\" data-id=\"4a1eed27\" data-element_type=\"widget\" data-e-type=\"widget\" data-widget_type=\"heading.default\">\n\t\t\t\t\t<h1 class=\"elementor-heading-title elementor-size-default\">\u0130\u015fbirli\u011fine Davet Ediyoruz<\/h1>\t\t\t\t<\/div>\n\t\t\t\t<div class=\"elementor-element elementor-element-62f40bfb elementor-widget elementor-widget-text-editor\" data-id=\"62f40bfb\" data-element_type=\"widget\" data-e-type=\"widget\" data-widget_type=\"text-editor.default\">\n\t\t\t\t\t\t\t\t\t<p>Ba\u015far\u0131l\u0131 ve kar\u015f\u0131l\u0131kl\u0131 faydal\u0131 i\u015fbirli\u011fi i\u00e7in en iyi ko\u015fullar\u0131 sunmaya haz\u0131r\u0131z.<\/p>\t\t\t\t\t\t\t\t<\/div>\n\t\t\t\t<div class=\"elementor-element elementor-element-2ade4b71 elementor-align-center omw-open-modal elementor-widget elementor-widget-button\" data-id=\"2ade4b71\" data-element_type=\"widget\" data-e-type=\"widget\" data-widget_type=\"button.default\">\n\t\t\t\t\t\t\t\t\t\t<a class=\"elementor-button elementor-button-link elementor-size-sm\" href=\"#omw-3144\">\n\t\t\t\t\t\t<span class=\"elementor-button-content-wrapper\">\n\t\t\t\t\t\t\t\t\t<span class=\"elementor-button-text\">Ba\u015fvuru B\u0131rak\u0131n<\/span>\n\t\t\t\t\t<\/span>\n\t\t\t\t\t<\/a>\n\t\t\t\t\t\t\t\t<\/div>\n\t\t\t\t\t<\/div>\n\t\t\t\t<\/div>\n\t\t\t\t<\/div>\n\t\t","protected":false},"excerpt":{"rendered":"<p>Mahsul Frozen, Mahsul \u015firketinin dondurulmu\u015f meyve ve sebze tedarikinde uzmanla\u015fm\u0131\u015f bir b\u00f6l\u00fcm\u00fcd\u00fcr. \u00dcr\u00fcnlerin tad\u0131n\u0131, rengini, dokusunu ve besin de\u011ferini sanki yeni toplanm\u0131\u015f gibi korumam\u0131z\u0131 sa\u011flayan modern \u015fok dondurma teknolojilerini kullan\u0131yoruz. Dondurulmu\u015f \u00fcr\u00fcnler, saklama kolayl\u0131\u011f\u0131, kullan\u0131m \u00e7e\u015fitlili\u011fi ve y\u0131l boyunca hasat\u0131n tad\u0131n\u0131 \u00e7\u0131karma imkan\u0131 sayesinde d\u00fcnya \u00e7ap\u0131nda giderek daha fazla talep g\u00f6rmektedir. Mahsul Frozen, \u00d6zbekistan&#8217;\u0131n tazeli\u011fini [&hellip;]<\/p>\n","protected":false},"author":1,"featured_media":0,"parent":2627,"menu_order":0,"comment_status":"closed","ping_status":"closed","template":"","meta":{"inline_featured_image":false,"ocean_post_layout":"","ocean_both_sidebars_style":"","ocean_both_sidebars_content_width":0,"ocean_both_sidebars_sidebars_width":0,"ocean_sidebar":"","ocean_second_sidebar":"","ocean_disable_margins":"enable","ocean_add_body_class":"","ocean_shortcode_before_top_bar":"","ocean_shortcode_after_top_bar":"","ocean_shortcode_before_header":"","ocean_shortcode_after_header":"","ocean_has_shortcode":"","ocean_shortcode_after_title":"","ocean_shortcode_before_footer_widgets":"","ocean_shortcode_after_footer_widgets":"","ocean_shortcode_before_footer_bottom":"","ocean_shortcode_after_footer_bottom":"","ocean_display_top_bar":"default","ocean_display_header":"default","ocean_header_style":"","ocean_center_header_left_menu":"","ocean_custom_header_template":"","ocean_custom_logo":0,"ocean_custom_retina_logo":0,"ocean_custom_logo_max_width":0,"ocean_custom_logo_tablet_max_width":0,"ocean_custom_logo_mobile_max_width":0,"ocean_custom_logo_max_height":0,"ocean_custom_logo_tablet_max_height":0,"ocean_custom_logo_mobile_max_height":0,"ocean_header_custom_menu":"","ocean_menu_typo_font_family":"","ocean_menu_typo_font_subset":"","ocean_menu_typo_font_size":0,"ocean_menu_typo_font_size_tablet":0,"ocean_menu_typo_font_size_mobile":0,"ocean_menu_typo_font_size_unit":"px","ocean_menu_typo_font_weight":"","ocean_menu_typo_font_weight_tablet":"","ocean_menu_typo_font_weight_mobile":"","ocean_menu_typo_transform":"","ocean_menu_typo_transform_tablet":"","ocean_menu_typo_transform_mobile":"","ocean_menu_typo_line_height":0,"ocean_menu_typo_line_height_tablet":0,"ocean_menu_typo_line_height_mobile":0,"ocean_menu_typo_line_height_unit":"","ocean_menu_typo_spacing":0,"ocean_menu_typo_spacing_tablet":0,"ocean_menu_typo_spacing_mobile":0,"ocean_menu_typo_spacing_unit":"","ocean_menu_link_color":"","ocean_menu_link_color_hover":"","ocean_menu_link_color_active":"","ocean_menu_link_background":"","ocean_menu_link_hover_background":"","ocean_menu_link_active_background":"","ocean_menu_social_links_bg":"","ocean_menu_social_hover_links_bg":"","ocean_menu_social_links_color":"","ocean_menu_social_hover_links_color":"","ocean_disable_title":"default","ocean_disable_heading":"default","ocean_post_title":"","ocean_post_subheading":"Mahsul Frozen - her mevsim hasat tazeli\u011fi.","ocean_post_title_style":"","ocean_post_title_background_color":"","ocean_post_title_background":0,"ocean_post_title_bg_image_position":"","ocean_post_title_bg_image_attachment":"","ocean_post_title_bg_image_repeat":"","ocean_post_title_bg_image_size":"","ocean_post_title_height":0,"ocean_post_title_bg_overlay":0.5,"ocean_post_title_bg_overlay_color":"","ocean_disable_breadcrumbs":"default","ocean_breadcrumbs_color":"","ocean_breadcrumbs_separator_color":"","ocean_breadcrumbs_links_color":"","ocean_breadcrumbs_links_hover_color":"","ocean_display_footer_widgets":"default","ocean_display_footer_bottom":"default","ocean_custom_footer_template":"","omw_enable_modal_window":"enable","footnotes":""},"class_list":["post-2513","page","type-page","status-publish","hentry","entry"],"yoast_head":"<!-- This site is optimized with the Yoast SEO plugin v27.4 - https:\/\/yoast.com\/product\/yoast-seo-wordpress\/ -->\n<title>\u00d6zbekistan&#039;dan Dondurulmu\u015f Meyve ve Sebzelerin \u0130hracat-\u0130thalat\u0131 - Mahsul Frozen<\/title>\n<meta name=\"robots\" content=\"index, follow, max-snippet:-1, max-image-preview:large, max-video-preview:-1\" \/>\n<link rel=\"canonical\" href=\"https:\/\/mahsul.uz\/tr\/bolumler\/mahsul-frozen\/\" \/>\n<meta property=\"og:locale\" content=\"tr_TR\" \/>\n<meta property=\"og:type\" content=\"article\" \/>\n<meta property=\"og:title\" content=\"\u00d6zbekistan&#039;dan Dondurulmu\u015f Meyve ve Sebzelerin \u0130hracat-\u0130thalat\u0131 - Mahsul Frozen\" \/>\n<meta property=\"og:description\" content=\"Mahsul Frozen, Mahsul \u015firketinin dondurulmu\u015f meyve ve sebze tedarikinde uzmanla\u015fm\u0131\u015f bir b\u00f6l\u00fcm\u00fcd\u00fcr. \u00dcr\u00fcnlerin tad\u0131n\u0131, rengini, dokusunu ve besin de\u011ferini sanki yeni toplanm\u0131\u015f gibi korumam\u0131z\u0131 sa\u011flayan modern \u015fok dondurma teknolojilerini kullan\u0131yoruz. Dondurulmu\u015f \u00fcr\u00fcnler, saklama kolayl\u0131\u011f\u0131, kullan\u0131m \u00e7e\u015fitlili\u011fi ve y\u0131l boyunca hasat\u0131n tad\u0131n\u0131 \u00e7\u0131karma imkan\u0131 sayesinde d\u00fcnya \u00e7ap\u0131nda giderek daha fazla talep g\u00f6rmektedir. Mahsul Frozen, \u00d6zbekistan&#8217;\u0131n tazeli\u011fini [&hellip;]\" \/>\n<meta property=\"og:url\" content=\"https:\/\/mahsul.uz\/tr\/bolumler\/mahsul-frozen\/\" \/>\n<meta property=\"og:site_name\" content=\"Mahsul\" \/>\n<meta property=\"article:publisher\" content=\"https:\/\/www.facebook.com\/mahsulglobal\" \/>\n<meta property=\"article:modified_time\" content=\"2025-12-08T14:25:43+00:00\" \/>\n<meta property=\"og:image\" content=\"https:\/\/mahsul.uz\/wp-content\/uploads\/2025\/09\/vishnya.png\" \/>\n<meta name=\"twitter:card\" content=\"summary_large_image\" \/>\n<meta name=\"twitter:label1\" content=\"Tahmini okuma s\u00fcresi\" \/>\n\t<meta name=\"twitter:data1\" content=\"2 dakika\" \/>\n<script type=\"application\/ld+json\" class=\"yoast-schema-graph\">{\"@context\":\"https:\\\/\\\/schema.org\",\"@graph\":[{\"@type\":\"WebPage\",\"@id\":\"https:\\\/\\\/mahsul.uz\\\/tr\\\/bolumler\\\/mahsul-frozen\\\/\",\"url\":\"https:\\\/\\\/mahsul.uz\\\/tr\\\/bolumler\\\/mahsul-frozen\\\/\",\"name\":\"\u00d6zbekistan'dan Dondurulmu\u015f Meyve ve Sebzelerin \u0130hracat-\u0130thalat\u0131 - Mahsul Frozen\",\"isPartOf\":{\"@id\":\"https:\\\/\\\/mahsul.uz\\\/tr\\\/#website\"},\"primaryImageOfPage\":{\"@id\":\"https:\\\/\\\/mahsul.uz\\\/tr\\\/bolumler\\\/mahsul-frozen\\\/#primaryimage\"},\"image\":{\"@id\":\"https:\\\/\\\/mahsul.uz\\\/tr\\\/bolumler\\\/mahsul-frozen\\\/#primaryimage\"},\"thumbnailUrl\":\"https:\\\/\\\/mahsul.uz\\\/wp-content\\\/uploads\\\/2025\\\/09\\\/vishnya.png\",\"datePublished\":\"2025-09-21T03:28:08+00:00\",\"dateModified\":\"2025-12-08T14:25:43+00:00\",\"breadcrumb\":{\"@id\":\"https:\\\/\\\/mahsul.uz\\\/tr\\\/bolumler\\\/mahsul-frozen\\\/#breadcrumb\"},\"inLanguage\":\"tr\",\"potentialAction\":[{\"@type\":\"ReadAction\",\"target\":[\"https:\\\/\\\/mahsul.uz\\\/tr\\\/bolumler\\\/mahsul-frozen\\\/\"]}]},{\"@type\":\"ImageObject\",\"inLanguage\":\"tr\",\"@id\":\"https:\\\/\\\/mahsul.uz\\\/tr\\\/bolumler\\\/mahsul-frozen\\\/#primaryimage\",\"url\":\"https:\\\/\\\/mahsul.uz\\\/wp-content\\\/uploads\\\/2025\\\/09\\\/vishnya.png\",\"contentUrl\":\"https:\\\/\\\/mahsul.uz\\\/wp-content\\\/uploads\\\/2025\\\/09\\\/vishnya.png\"},{\"@type\":\"BreadcrumbList\",\"@id\":\"https:\\\/\\\/mahsul.uz\\\/tr\\\/bolumler\\\/mahsul-frozen\\\/#breadcrumb\",\"itemListElement\":[{\"@type\":\"ListItem\",\"position\":1,\"name\":\"Ana Sayfa\",\"item\":\"https:\\\/\\\/mahsul.uz\\\/tr\\\/\"},{\"@type\":\"ListItem\",\"position\":2,\"name\":\"B\u00f6l\u00fcmler\",\"item\":\"https:\\\/\\\/mahsul.uz\\\/tr\\\/bolumler\\\/\"},{\"@type\":\"ListItem\",\"position\":3,\"name\":\"Mahsul Frozen\"}]},{\"@type\":\"WebSite\",\"@id\":\"https:\\\/\\\/mahsul.uz\\\/tr\\\/#website\",\"url\":\"https:\\\/\\\/mahsul.uz\\\/tr\\\/\",\"name\":\"Mahsul\",\"description\":\"\u00d6zbekistan&#039;da tar\u0131msal toplay\u0131c\u0131\",\"publisher\":{\"@id\":\"https:\\\/\\\/mahsul.uz\\\/tr\\\/#organization\"},\"potentialAction\":[{\"@type\":\"SearchAction\",\"target\":{\"@type\":\"EntryPoint\",\"urlTemplate\":\"https:\\\/\\\/mahsul.uz\\\/tr\\\/?s={search_term_string}\"},\"query-input\":{\"@type\":\"PropertyValueSpecification\",\"valueRequired\":true,\"valueName\":\"search_term_string\"}}],\"inLanguage\":\"tr\"},{\"@type\":\"Organization\",\"@id\":\"https:\\\/\\\/mahsul.uz\\\/tr\\\/#organization\",\"name\":\"Mahsul\",\"url\":\"https:\\\/\\\/mahsul.uz\\\/tr\\\/\",\"logo\":{\"@type\":\"ImageObject\",\"inLanguage\":\"tr\",\"@id\":\"https:\\\/\\\/mahsul.uz\\\/tr\\\/#\\\/schema\\\/logo\\\/image\\\/\",\"url\":\"https:\\\/\\\/mahsul.uz\\\/wp-content\\\/uploads\\\/2025\\\/12\\\/Mahsul-Web.png\",\"contentUrl\":\"https:\\\/\\\/mahsul.uz\\\/wp-content\\\/uploads\\\/2025\\\/12\\\/Mahsul-Web.png\",\"width\":1500,\"height\":1500,\"caption\":\"Mahsul\"},\"image\":{\"@id\":\"https:\\\/\\\/mahsul.uz\\\/tr\\\/#\\\/schema\\\/logo\\\/image\\\/\"},\"sameAs\":[\"https:\\\/\\\/www.facebook.com\\\/mahsulglobal\",\"https:\\\/\\\/www.instagram.com\\\/mahsulgroup\",\"https:\\\/\\\/www.linkedin.com\\\/company\\\/mahsul\\\/\"]}]}<\/script>\n<!-- \/ Yoast SEO plugin. -->","yoast_head_json":{"title":"\u00d6zbekistan'dan Dondurulmu\u015f Meyve ve Sebzelerin \u0130hracat-\u0130thalat\u0131 - Mahsul Frozen","robots":{"index":"index","follow":"follow","max-snippet":"max-snippet:-1","max-image-preview":"max-image-preview:large","max-video-preview":"max-video-preview:-1"},"canonical":"https:\/\/mahsul.uz\/tr\/bolumler\/mahsul-frozen\/","og_locale":"tr_TR","og_type":"article","og_title":"\u00d6zbekistan'dan Dondurulmu\u015f Meyve ve Sebzelerin \u0130hracat-\u0130thalat\u0131 - Mahsul Frozen","og_description":"Mahsul Frozen, Mahsul \u015firketinin dondurulmu\u015f meyve ve sebze tedarikinde uzmanla\u015fm\u0131\u015f bir b\u00f6l\u00fcm\u00fcd\u00fcr. \u00dcr\u00fcnlerin tad\u0131n\u0131, rengini, dokusunu ve besin de\u011ferini sanki yeni toplanm\u0131\u015f gibi korumam\u0131z\u0131 sa\u011flayan modern \u015fok dondurma teknolojilerini kullan\u0131yoruz. Dondurulmu\u015f \u00fcr\u00fcnler, saklama kolayl\u0131\u011f\u0131, kullan\u0131m \u00e7e\u015fitlili\u011fi ve y\u0131l boyunca hasat\u0131n tad\u0131n\u0131 \u00e7\u0131karma imkan\u0131 sayesinde d\u00fcnya \u00e7ap\u0131nda giderek daha fazla talep g\u00f6rmektedir. Mahsul Frozen, \u00d6zbekistan&#8217;\u0131n tazeli\u011fini [&hellip;]","og_url":"https:\/\/mahsul.uz\/tr\/bolumler\/mahsul-frozen\/","og_site_name":"Mahsul","article_publisher":"https:\/\/www.facebook.com\/mahsulglobal","article_modified_time":"2025-12-08T14:25:43+00:00","og_image":[{"url":"https:\/\/mahsul.uz\/wp-content\/uploads\/2025\/09\/vishnya.png","type":"","width":"","height":""}],"twitter_card":"summary_large_image","twitter_misc":{"Tahmini okuma s\u00fcresi":"2 dakika"},"schema":{"@context":"https:\/\/schema.org","@graph":[{"@type":"WebPage","@id":"https:\/\/mahsul.uz\/tr\/bolumler\/mahsul-frozen\/","url":"https:\/\/mahsul.uz\/tr\/bolumler\/mahsul-frozen\/","name":"\u00d6zbekistan'dan Dondurulmu\u015f Meyve ve Sebzelerin \u0130hracat-\u0130thalat\u0131 - Mahsul Frozen","isPartOf":{"@id":"https:\/\/mahsul.uz\/tr\/#website"},"primaryImageOfPage":{"@id":"https:\/\/mahsul.uz\/tr\/bolumler\/mahsul-frozen\/#primaryimage"},"image":{"@id":"https:\/\/mahsul.uz\/tr\/bolumler\/mahsul-frozen\/#primaryimage"},"thumbnailUrl":"https:\/\/mahsul.uz\/wp-content\/uploads\/2025\/09\/vishnya.png","datePublished":"2025-09-21T03:28:08+00:00","dateModified":"2025-12-08T14:25:43+00:00","breadcrumb":{"@id":"https:\/\/mahsul.uz\/tr\/bolumler\/mahsul-frozen\/#breadcrumb"},"inLanguage":"tr","potentialAction":[{"@type":"ReadAction","target":["https:\/\/mahsul.uz\/tr\/bolumler\/mahsul-frozen\/"]}]},{"@type":"ImageObject","inLanguage":"tr","@id":"https:\/\/mahsul.uz\/tr\/bolumler\/mahsul-frozen\/#primaryimage","url":"https:\/\/mahsul.uz\/wp-content\/uploads\/2025\/09\/vishnya.png","contentUrl":"https:\/\/mahsul.uz\/wp-content\/uploads\/2025\/09\/vishnya.png"},{"@type":"BreadcrumbList","@id":"https:\/\/mahsul.uz\/tr\/bolumler\/mahsul-frozen\/#breadcrumb","itemListElement":[{"@type":"ListItem","position":1,"name":"Ana Sayfa","item":"https:\/\/mahsul.uz\/tr\/"},{"@type":"ListItem","position":2,"name":"B\u00f6l\u00fcmler","item":"https:\/\/mahsul.uz\/tr\/bolumler\/"},{"@type":"ListItem","position":3,"name":"Mahsul Frozen"}]},{"@type":"WebSite","@id":"https:\/\/mahsul.uz\/tr\/#website","url":"https:\/\/mahsul.uz\/tr\/","name":"Mahsul","description":"\u00d6zbekistan&#039;da tar\u0131msal toplay\u0131c\u0131","publisher":{"@id":"https:\/\/mahsul.uz\/tr\/#organization"},"potentialAction":[{"@type":"SearchAction","target":{"@type":"EntryPoint","urlTemplate":"https:\/\/mahsul.uz\/tr\/?s={search_term_string}"},"query-input":{"@type":"PropertyValueSpecification","valueRequired":true,"valueName":"search_term_string"}}],"inLanguage":"tr"},{"@type":"Organization","@id":"https:\/\/mahsul.uz\/tr\/#organization","name":"Mahsul","url":"https:\/\/mahsul.uz\/tr\/","logo":{"@type":"ImageObject","inLanguage":"tr","@id":"https:\/\/mahsul.uz\/tr\/#\/schema\/logo\/image\/","url":"https:\/\/mahsul.uz\/wp-content\/uploads\/2025\/12\/Mahsul-Web.png","contentUrl":"https:\/\/mahsul.uz\/wp-content\/uploads\/2025\/12\/Mahsul-Web.png","width":1500,"height":1500,"caption":"Mahsul"},"image":{"@id":"https:\/\/mahsul.uz\/tr\/#\/schema\/logo\/image\/"},"sameAs":["https:\/\/www.facebook.com\/mahsulglobal","https:\/\/www.instagram.com\/mahsulgroup","https:\/\/www.linkedin.com\/company\/mahsul\/"]}]}},"_links":{"self":[{"href":"https:\/\/mahsul.uz\/tr\/wp-json\/wp\/v2\/pages\/2513","targetHints":{"allow":["GET"]}}],"collection":[{"href":"https:\/\/mahsul.uz\/tr\/wp-json\/wp\/v2\/pages"}],"about":[{"href":"https:\/\/mahsul.uz\/tr\/wp-json\/wp\/v2\/types\/page"}],"author":[{"embeddable":true,"href":"https:\/\/mahsul.uz\/tr\/wp-json\/wp\/v2\/users\/1"}],"replies":[{"embeddable":true,"href":"https:\/\/mahsul.uz\/tr\/wp-json\/wp\/v2\/comments?post=2513"}],"version-history":[{"count":3,"href":"https:\/\/mahsul.uz\/tr\/wp-json\/wp\/v2\/pages\/2513\/revisions"}],"predecessor-version":[{"id":3302,"href":"https:\/\/mahsul.uz\/tr\/wp-json\/wp\/v2\/pages\/2513\/revisions\/3302"}],"up":[{"embeddable":true,"href":"https:\/\/mahsul.uz\/tr\/wp-json\/wp\/v2\/pages\/2627"}],"wp:attachment":[{"href":"https:\/\/mahsul.uz\/tr\/wp-json\/wp\/v2\/media?parent=2513"}],"curies":[{"name":"wp","href":"https:\/\/api.w.org\/{rel}","templated":true}]}}