{"id":2590,"date":"2025-09-21T08:33:19","date_gmt":"2025-09-21T03:33:19","guid":{"rendered":"https:\/\/mahsul.uz\/is-birligi\/"},"modified":"2025-12-08T02:34:32","modified_gmt":"2025-12-07T21:34:32","slug":"is-birligi","status":"publish","type":"page","link":"https:\/\/mahsul.uz\/tr\/is-birligi\/","title":{"rendered":"\u0130\u015f Birli\u011fi"},"content":{"rendered":"\t\t<div data-elementor-type=\"wp-page\" data-elementor-id=\"2590\" class=\"elementor elementor-2590 elementor-199\">\n\t\t\t\t<div class=\"elementor-element elementor-element-46b2c8e e-flex e-con-boxed e-con e-parent\" data-id=\"46b2c8e\" data-element_type=\"container\" data-e-type=\"container\" data-settings=\"{&quot;background_background&quot;:&quot;classic&quot;}\">\n\t\t\t\t\t<div class=\"e-con-inner\">\n\t\t\t\t<div class=\"elementor-element elementor-element-2b5d67e elementor-widget elementor-widget-text-editor\" data-id=\"2b5d67e\" data-element_type=\"widget\" data-e-type=\"widget\" data-widget_type=\"text-editor.default\">\n\t\t\t\t\t\t\t\t\t<p>Mahsul sadece bir tar\u0131m toplay\u0131c\u0131s\u0131 de\u011fil, \u00e7ift\u00e7ileri, \u00fcreticileri, distrib\u00fct\u00f6rleri ve al\u0131c\u0131lar\u0131 bir araya getiren eksiksiz bir ekosistemdir. Her kat\u0131l\u0131mc\u0131n\u0131n fayda sa\u011flad\u0131\u011f\u0131 \u015feffaf, etkili ve kar\u015f\u0131l\u0131kl\u0131 yararl\u0131 bir sistem olu\u015fturuyoruz. <\/p><p data-start=\"2819\" data-end=\"3125\">\u0130nan\u0131yoruz ki s\u00fcrd\u00fcr\u00fclebilir ve etkili bir tar\u0131m ekosistemi ancak \u00fcreticilerin, al\u0131c\u0131lar\u0131n ve yat\u0131r\u0131mc\u0131lar\u0131n g\u00fc\u00e7lerini birle\u015ftirmesiyle olu\u015fturulabilir. Mahsul, her a\u015famada \u015feffafl\u0131k, d\u00fcr\u00fcstl\u00fck ve kaliteyi sa\u011flayarak \u00d6zbekistan&#8217;daki \u00e7ift\u00e7ileri d\u00fcnya pazarlar\u0131na ba\u011flayan k\u00f6pr\u00fc haline geliyor. <\/p><p data-start=\"3127\" data-end=\"3240\">Mahsul ile i\u015f birli\u011fi yaparak, birlikte i\u015f kurabilece\u011finiz ve b\u00fcy\u00fcyebilece\u011finiz g\u00fcvenilir bir ortak se\u00e7mi\u015f olursunuz.<\/p>\t\t\t\t\t\t\t\t<\/div>\n\t\t\t\t\t<\/div>\n\t\t\t\t<\/div>\n\t\t<div class=\"elementor-element elementor-element-9925fb1 e-flex e-con-boxed e-con e-parent\" data-id=\"9925fb1\" data-element_type=\"container\" data-e-type=\"container\" data-settings=\"{&quot;background_background&quot;:&quot;classic&quot;}\">\n\t\t\t\t\t<div class=\"e-con-inner\">\n\t\t\t\t\t<\/div>\n\t\t\t\t<\/div>\n\t\t<div class=\"elementor-element elementor-element-2c7fc2a e-flex e-con-boxed e-con e-parent\" data-id=\"2c7fc2a\" data-element_type=\"container\" data-e-type=\"container\">\n\t\t\t\t\t<div class=\"e-con-inner\">\n\t\t<div class=\"elementor-element elementor-element-5325ae0 e-con-full e-flex e-con e-child\" data-id=\"5325ae0\" data-element_type=\"container\" data-e-type=\"container\">\n\t\t\t\t<div class=\"elementor-element elementor-element-7dbff0f elementor-widget elementor-widget-heading\" data-id=\"7dbff0f\" data-element_type=\"widget\" data-e-type=\"widget\" data-widget_type=\"heading.default\">\n\t\t\t\t\t<h2 class=\"elementor-heading-title elementor-size-default\">\u00c7ift\u00e7iler ve \u00dcreticiler \u0130\u00e7in<\/h2>\t\t\t\t<\/div>\n\t\t\t\t<div class=\"elementor-element elementor-element-3511829 elementor-widget elementor-widget-text-editor\" data-id=\"3511829\" data-element_type=\"widget\" data-e-type=\"widget\" data-widget_type=\"text-editor.default\">\n\t\t\t\t\t\t\t\t\t<p data-start=\"537\" data-end=\"695\">Ba\u015far\u0131n\u0131n temelinin kaliteli \u00fcr\u00fcnler oldu\u011funu anl\u0131yoruz. Bu nedenle Mahsul, \u00fclke genelindeki \u00e7ift\u00e7iler ve \u00fcreticilerle aktif olarak i\u015f birli\u011fi yapmaktad\u0131r: <\/p><ul data-start=\"696\" data-end=\"1082\"><li data-start=\"696\" data-end=\"749\"><p data-start=\"698\" data-end=\"749\">Adil fiyatlarla istikrarl\u0131 \u00fcr\u00fcn sat\u0131\u015f\u0131.<\/p><\/li><li data-start=\"750\" data-end=\"817\"><p data-start=\"752\" data-end=\"817\">\u00c7iftli\u011fi geni\u015fletmek i\u00e7in finansal destek ve yat\u0131r\u0131mlar.<\/p><\/li><li data-start=\"818\" data-end=\"909\"><p data-start=\"820\" data-end=\"909\">Modern yeti\u015ftirme, depolama ve i\u015fleme y\u00f6ntemleri konusunda e\u011fitim ve dan\u0131\u015fmanl\u0131k.<\/p><\/li><li data-start=\"910\" data-end=\"984\"><p data-start=\"912\" data-end=\"984\">Uluslararas\u0131 pazarlardaki talebi dikkate alarak \u00fcretim planlamas\u0131.<\/p><\/li><li data-start=\"985\" data-end=\"1082\"><p data-start=\"987\" data-end=\"1082\">\u00c7ift\u00e7ilerin \u00e7al\u0131\u015fmalar\u0131n\u0131n verimlili\u011fini art\u0131rmalar\u0131na olanak tan\u0131yan analitik ve tahminlere eri\u015fim.<\/p><\/li><\/ul><p data-start=\"1084\" data-end=\"1209\">Mahsul ile \u00e7al\u0131\u015fan \u00e7ift\u00e7iler, gelecekte g\u00fcvence ve uzun vadeli bir temelde \u00e7iftliklerini geli\u015ftirme f\u0131rsat\u0131 elde ederler.<\/p>\t\t\t\t\t\t\t\t<\/div>\n\t\t\t\t<\/div>\n\t\t<div class=\"elementor-element elementor-element-8f244be e-con-full e-flex e-con e-child\" data-id=\"8f244be\" data-element_type=\"container\" data-e-type=\"container\">\n\t\t\t\t<div class=\"elementor-element elementor-element-a5eae66 elementor-widget elementor-widget-heading\" data-id=\"a5eae66\" data-element_type=\"widget\" data-e-type=\"widget\" data-widget_type=\"heading.default\">\n\t\t\t\t\t<h2 class=\"elementor-heading-title elementor-size-default\">Al\u0131c\u0131lar ve \u0130\u015f Ortaklar\u0131 \u0130\u00e7in<\/h2>\t\t\t\t<\/div>\n\t\t\t\t<div class=\"elementor-element elementor-element-32325cf elementor-widget elementor-widget-text-editor\" data-id=\"32325cf\" data-element_type=\"widget\" data-e-type=\"widget\" data-widget_type=\"text-editor.default\">\n\t\t\t\t\t\t\t\t\t<p data-start=\"1250\" data-end=\"1306\">Mahsul a\u015fa\u011f\u0131dakileri sa\u011flayan g\u00fcvenilir bir tedarik\u00e7idir:<\/p><ul data-start=\"1307\" data-end=\"1745\"><li data-start=\"1307\" data-end=\"1411\"><p data-start=\"1309\" data-end=\"1411\">Geni\u015f \u00fcr\u00fcn yelpazesi: taze meyve ve sebzeler, kuru meyveler ve kuruyemi\u015fler, dondurulmu\u015f \u00fcr\u00fcnler, baklagiller.<\/p><\/li><li data-start=\"1412\" data-end=\"1491\"><p data-start=\"1414\" data-end=\"1491\">Kalite garantisi &#8211; tedarik zincirinin her a\u015famas\u0131nda \u00e7ok a\u015famal\u0131 kontrol.<\/p><\/li><li data-start=\"1492\" data-end=\"1572\"><p data-start=\"1494\" data-end=\"1572\">Uluslararas\u0131 pazar gereksinimlerine uygun modern ambalajlama.<\/p><\/li><li data-start=\"1573\" data-end=\"1630\"><p data-start=\"1575\" data-end=\"1630\">\u015eeffaf lojistik ve teslimat s\u00fcrelerine s\u0131k\u0131 ba\u011fl\u0131l\u0131k.<\/p><\/li><li data-start=\"1631\" data-end=\"1745\"><p data-start=\"1633\" data-end=\"1745\">Esnek i\u015f birli\u011fi ko\u015fullar\u0131 &#8211; perakende zincirleri, distrib\u00fct\u00f6rler, HoReCa ve i\u015fleyiciler i\u00e7in \u00f6zel \u00e7\u00f6z\u00fcmler.<\/p><\/li><\/ul><p data-start=\"1747\" data-end=\"1883\">Mahsul ile i\u015f birli\u011fi yapan al\u0131c\u0131lar, \u00fcr\u00fcnlerin zaman\u0131nda ve sipari\u015fe tam uygun olarak teslim edilece\u011finden emin olabilirler.<\/p>\t\t\t\t\t\t\t\t<\/div>\n\t\t\t\t<\/div>\n\t\t\t\t\t<\/div>\n\t\t\t\t<\/div>\n\t\t<div class=\"elementor-element elementor-element-83c20b2 e-flex e-con-boxed e-con e-parent\" data-id=\"83c20b2\" data-element_type=\"container\" data-e-type=\"container\" data-settings=\"{&quot;background_background&quot;:&quot;classic&quot;}\">\n\t\t\t\t\t<div class=\"e-con-inner\">\n\t\t\t\t<div class=\"elementor-element elementor-element-ee616e6 elementor-widget elementor-widget-heading\" data-id=\"ee616e6\" data-element_type=\"widget\" data-e-type=\"widget\" data-widget_type=\"heading.default\">\n\t\t\t\t\t<h1 class=\"elementor-heading-title elementor-size-default\">\u0130\u015fbirli\u011fine Davet Ediyoruz<\/h1>\t\t\t\t<\/div>\n\t\t\t\t<div class=\"elementor-element elementor-element-69f7d49e elementor-widget elementor-widget-text-editor\" data-id=\"69f7d49e\" data-element_type=\"widget\" data-e-type=\"widget\" data-widget_type=\"text-editor.default\">\n\t\t\t\t\t\t\t\t\t<p>Ba\u015far\u0131l\u0131 ve kar\u015f\u0131l\u0131kl\u0131 faydal\u0131 i\u015fbirli\u011fi i\u00e7in en iyi ko\u015fullar\u0131 sunmaya haz\u0131r\u0131z.<\/p>\t\t\t\t\t\t\t\t<\/div>\n\t\t\t\t<div class=\"elementor-element elementor-element-6ba92498 elementor-align-center omw-open-modal elementor-widget elementor-widget-button\" data-id=\"6ba92498\" data-element_type=\"widget\" data-e-type=\"widget\" data-widget_type=\"button.default\">\n\t\t\t\t\t\t\t\t\t\t<a class=\"elementor-button elementor-button-link elementor-size-sm\" href=\"#omw-3144\">\n\t\t\t\t\t\t<span class=\"elementor-button-content-wrapper\">\n\t\t\t\t\t\t\t\t\t<span class=\"elementor-button-text\">Ba\u015fvuru B\u0131rak\u0131n<\/span>\n\t\t\t\t\t<\/span>\n\t\t\t\t\t<\/a>\n\t\t\t\t\t\t\t\t<\/div>\n\t\t\t\t\t<\/div>\n\t\t\t\t<\/div>\n\t\t\t\t<\/div>\n\t\t","protected":false},"excerpt":{"rendered":"<p>Mahsul sadece bir tar\u0131m toplay\u0131c\u0131s\u0131 de\u011fil, \u00e7ift\u00e7ileri, \u00fcreticileri, distrib\u00fct\u00f6rleri ve al\u0131c\u0131lar\u0131 bir araya getiren eksiksiz bir ekosistemdir. Her kat\u0131l\u0131mc\u0131n\u0131n fayda sa\u011flad\u0131\u011f\u0131 \u015feffaf, etkili ve kar\u015f\u0131l\u0131kl\u0131 yararl\u0131 bir sistem olu\u015fturuyoruz. \u0130nan\u0131yoruz ki s\u00fcrd\u00fcr\u00fclebilir ve etkili bir tar\u0131m ekosistemi ancak \u00fcreticilerin, al\u0131c\u0131lar\u0131n ve yat\u0131r\u0131mc\u0131lar\u0131n g\u00fc\u00e7lerini birle\u015ftirmesiyle olu\u015fturulabilir. Mahsul, her a\u015famada \u015feffafl\u0131k, d\u00fcr\u00fcstl\u00fck ve kaliteyi sa\u011flayarak \u00d6zbekistan&#8217;daki \u00e7ift\u00e7ileri [&hellip;]<\/p>\n","protected":false},"author":1,"featured_media":0,"parent":0,"menu_order":110,"comment_status":"closed","ping_status":"closed","template":"","meta":{"inline_featured_image":false,"ocean_post_layout":"","ocean_both_sidebars_style":"","ocean_both_sidebars_content_width":0,"ocean_both_sidebars_sidebars_width":0,"ocean_sidebar":"","ocean_second_sidebar":"","ocean_disable_margins":"enable","ocean_add_body_class":"","ocean_shortcode_before_top_bar":"","ocean_shortcode_after_top_bar":"","ocean_shortcode_before_header":"","ocean_shortcode_after_header":"","ocean_has_shortcode":"","ocean_shortcode_after_title":"","ocean_shortcode_before_footer_widgets":"","ocean_shortcode_after_footer_widgets":"","ocean_shortcode_before_footer_bottom":"","ocean_shortcode_after_footer_bottom":"","ocean_display_top_bar":"default","ocean_display_header":"default","ocean_header_style":"","ocean_center_header_left_menu":"","ocean_custom_header_template":"","ocean_custom_logo":0,"ocean_custom_retina_logo":0,"ocean_custom_logo_max_width":0,"ocean_custom_logo_tablet_max_width":0,"ocean_custom_logo_mobile_max_width":0,"ocean_custom_logo_max_height":0,"ocean_custom_logo_tablet_max_height":0,"ocean_custom_logo_mobile_max_height":0,"ocean_header_custom_menu":"","ocean_menu_typo_font_family":"","ocean_menu_typo_font_subset":"","ocean_menu_typo_font_size":0,"ocean_menu_typo_font_size_tablet":0,"ocean_menu_typo_font_size_mobile":0,"ocean_menu_typo_font_size_unit":"px","ocean_menu_typo_font_weight":"","ocean_menu_typo_font_weight_tablet":"","ocean_menu_typo_font_weight_mobile":"","ocean_menu_typo_transform":"","ocean_menu_typo_transform_tablet":"","ocean_menu_typo_transform_mobile":"","ocean_menu_typo_line_height":0,"ocean_menu_typo_line_height_tablet":0,"ocean_menu_typo_line_height_mobile":0,"ocean_menu_typo_line_height_unit":"","ocean_menu_typo_spacing":0,"ocean_menu_typo_spacing_tablet":0,"ocean_menu_typo_spacing_mobile":0,"ocean_menu_typo_spacing_unit":"","ocean_menu_link_color":"","ocean_menu_link_color_hover":"","ocean_menu_link_color_active":"","ocean_menu_link_background":"","ocean_menu_link_hover_background":"","ocean_menu_link_active_background":"","ocean_menu_social_links_bg":"","ocean_menu_social_hover_links_bg":"","ocean_menu_social_links_color":"","ocean_menu_social_hover_links_color":"","ocean_disable_title":"default","ocean_disable_heading":"default","ocean_post_title":"","ocean_post_subheading":"Birlikte \u00d6zbekistan'\u0131n en iyi meyvelerini d\u00fcnyaya tan\u0131taca\u011f\u0131z.","ocean_post_title_style":"","ocean_post_title_background_color":"","ocean_post_title_background":0,"ocean_post_title_bg_image_position":"","ocean_post_title_bg_image_attachment":"","ocean_post_title_bg_image_repeat":"","ocean_post_title_bg_image_size":"","ocean_post_title_height":0,"ocean_post_title_bg_overlay":0.5,"ocean_post_title_bg_overlay_color":"","ocean_disable_breadcrumbs":"default","ocean_breadcrumbs_color":"","ocean_breadcrumbs_separator_color":"","ocean_breadcrumbs_links_color":"","ocean_breadcrumbs_links_hover_color":"","ocean_display_footer_widgets":"default","ocean_display_footer_bottom":"default","ocean_custom_footer_template":"","omw_enable_modal_window":"enable","footnotes":""},"class_list":["post-2590","page","type-page","status-publish","hentry","entry"],"yoast_head":"<!-- This site is optimized with the Yoast SEO plugin v27.4 - https:\/\/yoast.com\/product\/yoast-seo-wordpress\/ -->\n<title>\u0130\u015f Birli\u011fi - Mahsul<\/title>\n<meta name=\"robots\" content=\"index, follow, max-snippet:-1, max-image-preview:large, max-video-preview:-1\" \/>\n<link rel=\"canonical\" href=\"https:\/\/mahsul.uz\/tr\/is-birligi\/\" \/>\n<meta property=\"og:locale\" content=\"tr_TR\" \/>\n<meta property=\"og:type\" content=\"article\" \/>\n<meta property=\"og:title\" content=\"\u0130\u015f Birli\u011fi - Mahsul\" \/>\n<meta property=\"og:description\" content=\"Mahsul sadece bir tar\u0131m toplay\u0131c\u0131s\u0131 de\u011fil, \u00e7ift\u00e7ileri, \u00fcreticileri, distrib\u00fct\u00f6rleri ve al\u0131c\u0131lar\u0131 bir araya getiren eksiksiz bir ekosistemdir. Her kat\u0131l\u0131mc\u0131n\u0131n fayda sa\u011flad\u0131\u011f\u0131 \u015feffaf, etkili ve kar\u015f\u0131l\u0131kl\u0131 yararl\u0131 bir sistem olu\u015fturuyoruz. \u0130nan\u0131yoruz ki s\u00fcrd\u00fcr\u00fclebilir ve etkili bir tar\u0131m ekosistemi ancak \u00fcreticilerin, al\u0131c\u0131lar\u0131n ve yat\u0131r\u0131mc\u0131lar\u0131n g\u00fc\u00e7lerini birle\u015ftirmesiyle olu\u015fturulabilir. Mahsul, her a\u015famada \u015feffafl\u0131k, d\u00fcr\u00fcstl\u00fck ve kaliteyi sa\u011flayarak \u00d6zbekistan&#8217;daki \u00e7ift\u00e7ileri [&hellip;]\" \/>\n<meta property=\"og:url\" content=\"https:\/\/mahsul.uz\/tr\/is-birligi\/\" \/>\n<meta property=\"og:site_name\" content=\"Mahsul\" \/>\n<meta property=\"article:publisher\" content=\"https:\/\/www.facebook.com\/mahsulglobal\" \/>\n<meta property=\"article:modified_time\" content=\"2025-12-07T21:34:32+00:00\" \/>\n<meta property=\"og:image\" content=\"https:\/\/mahsul.uz\/wp-content\/uploads\/2025\/12\/Mahsul-Web.png\" \/>\n\t<meta property=\"og:image:width\" content=\"1500\" \/>\n\t<meta property=\"og:image:height\" content=\"1500\" \/>\n\t<meta property=\"og:image:type\" content=\"image\/png\" \/>\n<meta name=\"twitter:card\" content=\"summary_large_image\" \/>\n<meta name=\"twitter:label1\" content=\"Tahmini okuma s\u00fcresi\" \/>\n\t<meta name=\"twitter:data1\" content=\"2 dakika\" \/>\n<script type=\"application\/ld+json\" class=\"yoast-schema-graph\">{\"@context\":\"https:\\\/\\\/schema.org\",\"@graph\":[{\"@type\":\"WebPage\",\"@id\":\"https:\\\/\\\/mahsul.uz\\\/tr\\\/is-birligi\\\/\",\"url\":\"https:\\\/\\\/mahsul.uz\\\/tr\\\/is-birligi\\\/\",\"name\":\"\u0130\u015f Birli\u011fi - Mahsul\",\"isPartOf\":{\"@id\":\"https:\\\/\\\/mahsul.uz\\\/tr\\\/#website\"},\"datePublished\":\"2025-09-21T03:33:19+00:00\",\"dateModified\":\"2025-12-07T21:34:32+00:00\",\"breadcrumb\":{\"@id\":\"https:\\\/\\\/mahsul.uz\\\/tr\\\/is-birligi\\\/#breadcrumb\"},\"inLanguage\":\"tr\",\"potentialAction\":[{\"@type\":\"ReadAction\",\"target\":[\"https:\\\/\\\/mahsul.uz\\\/tr\\\/is-birligi\\\/\"]}]},{\"@type\":\"BreadcrumbList\",\"@id\":\"https:\\\/\\\/mahsul.uz\\\/tr\\\/is-birligi\\\/#breadcrumb\",\"itemListElement\":[{\"@type\":\"ListItem\",\"position\":1,\"name\":\"Ana Sayfa\",\"item\":\"https:\\\/\\\/mahsul.uz\\\/tr\\\/\"},{\"@type\":\"ListItem\",\"position\":2,\"name\":\"\u0130\u015f Birli\u011fi\"}]},{\"@type\":\"WebSite\",\"@id\":\"https:\\\/\\\/mahsul.uz\\\/tr\\\/#website\",\"url\":\"https:\\\/\\\/mahsul.uz\\\/tr\\\/\",\"name\":\"Mahsul\",\"description\":\"\u00d6zbekistan&#039;da tar\u0131msal toplay\u0131c\u0131\",\"publisher\":{\"@id\":\"https:\\\/\\\/mahsul.uz\\\/tr\\\/#organization\"},\"potentialAction\":[{\"@type\":\"SearchAction\",\"target\":{\"@type\":\"EntryPoint\",\"urlTemplate\":\"https:\\\/\\\/mahsul.uz\\\/tr\\\/?s={search_term_string}\"},\"query-input\":{\"@type\":\"PropertyValueSpecification\",\"valueRequired\":true,\"valueName\":\"search_term_string\"}}],\"inLanguage\":\"tr\"},{\"@type\":\"Organization\",\"@id\":\"https:\\\/\\\/mahsul.uz\\\/tr\\\/#organization\",\"name\":\"Mahsul\",\"url\":\"https:\\\/\\\/mahsul.uz\\\/tr\\\/\",\"logo\":{\"@type\":\"ImageObject\",\"inLanguage\":\"tr\",\"@id\":\"https:\\\/\\\/mahsul.uz\\\/tr\\\/#\\\/schema\\\/logo\\\/image\\\/\",\"url\":\"https:\\\/\\\/mahsul.uz\\\/wp-content\\\/uploads\\\/2025\\\/12\\\/Mahsul-Web.png\",\"contentUrl\":\"https:\\\/\\\/mahsul.uz\\\/wp-content\\\/uploads\\\/2025\\\/12\\\/Mahsul-Web.png\",\"width\":1500,\"height\":1500,\"caption\":\"Mahsul\"},\"image\":{\"@id\":\"https:\\\/\\\/mahsul.uz\\\/tr\\\/#\\\/schema\\\/logo\\\/image\\\/\"},\"sameAs\":[\"https:\\\/\\\/www.facebook.com\\\/mahsulglobal\",\"https:\\\/\\\/www.instagram.com\\\/mahsulgroup\",\"https:\\\/\\\/www.linkedin.com\\\/company\\\/mahsul\\\/\"]}]}<\/script>\n<!-- \/ Yoast SEO plugin. -->","yoast_head_json":{"title":"\u0130\u015f Birli\u011fi - Mahsul","robots":{"index":"index","follow":"follow","max-snippet":"max-snippet:-1","max-image-preview":"max-image-preview:large","max-video-preview":"max-video-preview:-1"},"canonical":"https:\/\/mahsul.uz\/tr\/is-birligi\/","og_locale":"tr_TR","og_type":"article","og_title":"\u0130\u015f Birli\u011fi - Mahsul","og_description":"Mahsul sadece bir tar\u0131m toplay\u0131c\u0131s\u0131 de\u011fil, \u00e7ift\u00e7ileri, \u00fcreticileri, distrib\u00fct\u00f6rleri ve al\u0131c\u0131lar\u0131 bir araya getiren eksiksiz bir ekosistemdir. Her kat\u0131l\u0131mc\u0131n\u0131n fayda sa\u011flad\u0131\u011f\u0131 \u015feffaf, etkili ve kar\u015f\u0131l\u0131kl\u0131 yararl\u0131 bir sistem olu\u015fturuyoruz. \u0130nan\u0131yoruz ki s\u00fcrd\u00fcr\u00fclebilir ve etkili bir tar\u0131m ekosistemi ancak \u00fcreticilerin, al\u0131c\u0131lar\u0131n ve yat\u0131r\u0131mc\u0131lar\u0131n g\u00fc\u00e7lerini birle\u015ftirmesiyle olu\u015fturulabilir. Mahsul, her a\u015famada \u015feffafl\u0131k, d\u00fcr\u00fcstl\u00fck ve kaliteyi sa\u011flayarak \u00d6zbekistan&#8217;daki \u00e7ift\u00e7ileri [&hellip;]","og_url":"https:\/\/mahsul.uz\/tr\/is-birligi\/","og_site_name":"Mahsul","article_publisher":"https:\/\/www.facebook.com\/mahsulglobal","article_modified_time":"2025-12-07T21:34:32+00:00","og_image":[{"width":1500,"height":1500,"url":"https:\/\/mahsul.uz\/wp-content\/uploads\/2025\/12\/Mahsul-Web.png","type":"image\/png"}],"twitter_card":"summary_large_image","twitter_misc":{"Tahmini okuma s\u00fcresi":"2 dakika"},"schema":{"@context":"https:\/\/schema.org","@graph":[{"@type":"WebPage","@id":"https:\/\/mahsul.uz\/tr\/is-birligi\/","url":"https:\/\/mahsul.uz\/tr\/is-birligi\/","name":"\u0130\u015f Birli\u011fi - Mahsul","isPartOf":{"@id":"https:\/\/mahsul.uz\/tr\/#website"},"datePublished":"2025-09-21T03:33:19+00:00","dateModified":"2025-12-07T21:34:32+00:00","breadcrumb":{"@id":"https:\/\/mahsul.uz\/tr\/is-birligi\/#breadcrumb"},"inLanguage":"tr","potentialAction":[{"@type":"ReadAction","target":["https:\/\/mahsul.uz\/tr\/is-birligi\/"]}]},{"@type":"BreadcrumbList","@id":"https:\/\/mahsul.uz\/tr\/is-birligi\/#breadcrumb","itemListElement":[{"@type":"ListItem","position":1,"name":"Ana Sayfa","item":"https:\/\/mahsul.uz\/tr\/"},{"@type":"ListItem","position":2,"name":"\u0130\u015f Birli\u011fi"}]},{"@type":"WebSite","@id":"https:\/\/mahsul.uz\/tr\/#website","url":"https:\/\/mahsul.uz\/tr\/","name":"Mahsul","description":"\u00d6zbekistan&#039;da tar\u0131msal toplay\u0131c\u0131","publisher":{"@id":"https:\/\/mahsul.uz\/tr\/#organization"},"potentialAction":[{"@type":"SearchAction","target":{"@type":"EntryPoint","urlTemplate":"https:\/\/mahsul.uz\/tr\/?s={search_term_string}"},"query-input":{"@type":"PropertyValueSpecification","valueRequired":true,"valueName":"search_term_string"}}],"inLanguage":"tr"},{"@type":"Organization","@id":"https:\/\/mahsul.uz\/tr\/#organization","name":"Mahsul","url":"https:\/\/mahsul.uz\/tr\/","logo":{"@type":"ImageObject","inLanguage":"tr","@id":"https:\/\/mahsul.uz\/tr\/#\/schema\/logo\/image\/","url":"https:\/\/mahsul.uz\/wp-content\/uploads\/2025\/12\/Mahsul-Web.png","contentUrl":"https:\/\/mahsul.uz\/wp-content\/uploads\/2025\/12\/Mahsul-Web.png","width":1500,"height":1500,"caption":"Mahsul"},"image":{"@id":"https:\/\/mahsul.uz\/tr\/#\/schema\/logo\/image\/"},"sameAs":["https:\/\/www.facebook.com\/mahsulglobal","https:\/\/www.instagram.com\/mahsulgroup","https:\/\/www.linkedin.com\/company\/mahsul\/"]}]}},"_links":{"self":[{"href":"https:\/\/mahsul.uz\/tr\/wp-json\/wp\/v2\/pages\/2590","targetHints":{"allow":["GET"]}}],"collection":[{"href":"https:\/\/mahsul.uz\/tr\/wp-json\/wp\/v2\/pages"}],"about":[{"href":"https:\/\/mahsul.uz\/tr\/wp-json\/wp\/v2\/types\/page"}],"author":[{"embeddable":true,"href":"https:\/\/mahsul.uz\/tr\/wp-json\/wp\/v2\/users\/1"}],"replies":[{"embeddable":true,"href":"https:\/\/mahsul.uz\/tr\/wp-json\/wp\/v2\/comments?post=2590"}],"version-history":[{"count":3,"href":"https:\/\/mahsul.uz\/tr\/wp-json\/wp\/v2\/pages\/2590\/revisions"}],"predecessor-version":[{"id":3290,"href":"https:\/\/mahsul.uz\/tr\/wp-json\/wp\/v2\/pages\/2590\/revisions\/3290"}],"wp:attachment":[{"href":"https:\/\/mahsul.uz\/tr\/wp-json\/wp\/v2\/media?parent=2590"}],"curies":[{"name":"wp","href":"https:\/\/api.w.org\/{rel}","templated":true}]}}