{"id":2593,"date":"2025-09-21T08:26:51","date_gmt":"2025-09-21T03:26:51","guid":{"rendered":"https:\/\/mahsul.uz\/mahsul-pulses\/"},"modified":"2025-12-08T19:26:43","modified_gmt":"2025-12-08T14:26:43","slug":"mahsul-pulses","status":"publish","type":"page","link":"https:\/\/mahsul.uz\/tr\/bolumler\/mahsul-pulses\/","title":{"rendered":"Mahsul Pulses"},"content":{"rendered":"\t\t<div data-elementor-type=\"wp-page\" data-elementor-id=\"2593\" class=\"elementor elementor-2593 elementor-188\">\n\t\t\t\t<div class=\"elementor-element elementor-element-fd2c59b e-flex e-con-boxed e-con e-parent\" data-id=\"fd2c59b\" data-element_type=\"container\" data-e-type=\"container\">\n\t\t\t\t\t<div class=\"e-con-inner\">\n\t\t\t\t<div class=\"elementor-element elementor-element-a77f02e elementor-widget elementor-widget-text-editor\" data-id=\"a77f02e\" data-element_type=\"widget\" data-e-type=\"widget\" data-widget_type=\"text-editor.default\">\n\t\t\t\t\t\t\t\t\t<p>Mahsul Pulses, Mahsul \u015firketinin bakliyat tedarikinde uzmanla\u015fm\u0131\u015f bir b\u00f6l\u00fcm\u00fcd\u00fcr. \u00d6zbekistan&#8217;\u0131n bakliyatlar\u0131 y\u00fcksek kalitesi, zengin protein i\u00e7eri\u011fi ve do\u011fal tad\u0131yla tan\u0131n\u0131r. Her \u00e7ift\u00e7inin destek ve sat\u0131\u015f imkan\u0131 buldu\u011fu, her al\u0131c\u0131n\u0131n d\u00fcnya standartlar\u0131nda \u00fcr\u00fcnlerin istikrarl\u0131 tedarikini sa\u011flad\u0131\u011f\u0131 bir sistem olu\u015fturuyoruz.  <\/p><p>\u00d6zbekistan, ma\u015f fasulyesi, nohut ve fasulye yeti\u015ftiricili\u011fi i\u00e7in elveri\u015fli iklime sahiptir. Temiz topraklar ve do\u011fal g\u00fcne\u015f sayesinde \u00fcr\u00fcnler yo\u011fun lezzet ve faydal\u0131 \u00f6zellikler kazan\u0131r. Baklagillerimiz Asya&#8217;dan Avrupa&#8217;ya kadar uluslararas\u0131 pazarlarda talep g\u00f6rmektedir.  <\/p><p>Bakliyatlar\u0131n sadece g\u00fcnl\u00fck beslenmenin bir par\u00e7as\u0131 de\u011fil, ayn\u0131 zamanda sa\u011fl\u0131kl\u0131 ve s\u00fcrd\u00fcr\u00fclebilir beslenmenin \u00f6nemli bir unsuru oldu\u011funa inan\u0131yoruz. Mahsul Pulses, \u00d6zbek tar\u0131m\u0131n\u0131n geleneklerini modern kalite standartlar\u0131yla birle\u015ftirerek bakliyatlar\u0131 d\u00fcnyan\u0131n d\u00f6rt bir yan\u0131ndaki al\u0131c\u0131lar i\u00e7in eri\u015filebilir k\u0131l\u0131yor. <\/p>\t\t\t\t\t\t\t\t<\/div>\n\t\t\t\t\t<\/div>\n\t\t\t\t<\/div>\n\t\t<div class=\"elementor-element elementor-element-275d2c5 e-flex e-con-boxed e-con e-parent\" data-id=\"275d2c5\" data-element_type=\"container\" data-e-type=\"container\" data-settings=\"{&quot;background_background&quot;:&quot;classic&quot;}\">\n\t\t\t\t\t<div class=\"e-con-inner\">\n\t\t\t\t\t<\/div>\n\t\t\t\t<\/div>\n\t\t<div class=\"elementor-element elementor-element-fddc4de e-flex e-con-boxed e-con e-parent\" data-id=\"fddc4de\" data-element_type=\"container\" data-e-type=\"container\">\n\t\t\t\t\t<div class=\"e-con-inner\">\n\t\t<div class=\"elementor-element elementor-element-f49c7a2 e-con-full e-flex e-con e-child\" data-id=\"f49c7a2\" data-element_type=\"container\" data-e-type=\"container\">\n\t\t\t\t<div class=\"elementor-element elementor-element-3f3ee80 elementor-widget elementor-widget-heading\" data-id=\"3f3ee80\" data-element_type=\"widget\" data-e-type=\"widget\" data-widget_type=\"heading.default\">\n\t\t\t\t\t<h2 class=\"elementor-heading-title elementor-size-default\">Kalite Standartlar\u0131<\/h2>\t\t\t\t<\/div>\n\t\t\t\t<div class=\"elementor-element elementor-element-7006aa1 elementor-widget elementor-widget-text-editor\" data-id=\"7006aa1\" data-element_type=\"widget\" data-e-type=\"widget\" data-widget_type=\"text-editor.default\">\n\t\t\t\t\t\t\t\t\t<ul data-start=\"1246\" data-end=\"1550\"><li data-start=\"1246\" data-end=\"1333\"><p data-start=\"1248\" data-end=\"1333\">Modern temizleme ve ay\u0131klama hatlar\u0131 \u2014 yabanc\u0131 madde ve kusurlu tanelerin elimine edilmesi.<\/p><\/li><li data-start=\"1334\" data-end=\"1411\"><p data-start=\"1336\" data-end=\"1411\">\u00c7ok a\u015famal\u0131 kalibrasyon \u2014 \u00fcr\u00fcnlerin boyut ve \u00e7e\u015fitlere g\u00f6re ayr\u0131lmas\u0131.<\/p><\/li><li data-start=\"1412\" data-end=\"1477\"><p data-start=\"1414\" data-end=\"1477\">Pratik ambalajlama \u2014 \u00e7uvallar, big-bag&#8217;ler ve perakende ambalajlar\u0131.<\/p><\/li><li data-start=\"1478\" data-end=\"1550\"><p data-start=\"1480\" data-end=\"1550\">Uluslararas\u0131 gerekliliklere uygunluk (ISO, HACCP, Global GAP).<\/p><\/li><\/ul>\t\t\t\t\t\t\t\t<\/div>\n\t\t\t\t<\/div>\n\t\t<div class=\"elementor-element elementor-element-b383317 e-con-full e-flex e-con e-child\" data-id=\"b383317\" data-element_type=\"container\" data-e-type=\"container\">\n\t\t\t\t<div class=\"elementor-element elementor-element-87c26a8 elementor-widget elementor-widget-heading\" data-id=\"87c26a8\" data-element_type=\"widget\" data-e-type=\"widget\" data-widget_type=\"heading.default\">\n\t\t\t\t\t<h2 class=\"elementor-heading-title elementor-size-default\">Mahsul Pulses'in Avantajlar\u0131<\/h2>\t\t\t\t<\/div>\n\t\t\t\t<div class=\"elementor-element elementor-element-77e7797 elementor-widget elementor-widget-text-editor\" data-id=\"77e7797\" data-element_type=\"widget\" data-e-type=\"widget\" data-widget_type=\"text-editor.default\">\n\t\t\t\t\t\t\t\t\t<ul data-start=\"1975\" data-end=\"2260\"><li data-start=\"1975\" data-end=\"2060\"><p data-start=\"1977\" data-end=\"2060\">Y\u00fcksek protein ve besin maddesi seviyesi \u2014 sa\u011fl\u0131kl\u0131 beslenme i\u00e7in de\u011fer.<\/p><\/li><li data-start=\"2061\" data-end=\"2125\"><p data-start=\"2063\" data-end=\"2125\">G\u00fcvenilir tedarik \u2014 s\u00fcreler ve lojistikte s\u0131k\u0131 kontrol.<\/p><\/li><li data-start=\"2126\" data-end=\"2181\"><p data-start=\"2128\" data-end=\"2181\">Esneklik \u2014 m\u00fc\u015fteri talebine g\u00f6re ambalajlama ve hacimler.<\/p><\/li><li data-start=\"2182\" data-end=\"2260\"><p data-start=\"2184\" data-end=\"2260\">S\u00fcre\u00e7 \u015feffafl\u0131\u011f\u0131 \u2014 \u00e7iftlikten m\u00fc\u015fteri deposuna kadar tam kontrol.<\/p><\/li><\/ul>\t\t\t\t\t\t\t\t<\/div>\n\t\t\t\t<\/div>\n\t\t\t\t\t<\/div>\n\t\t\t\t<\/div>\n\t\t<div class=\"elementor-element elementor-element-7362182 e-flex e-con-boxed e-con e-parent\" data-id=\"7362182\" data-element_type=\"container\" data-e-type=\"container\">\n\t\t\t\t\t<div class=\"e-con-inner\">\n\t\t<div class=\"elementor-element elementor-element-8d5698d e-con-full e-flex e-con e-child\" data-id=\"8d5698d\" data-element_type=\"container\" data-e-type=\"container\">\n\t\t<div class=\"elementor-element elementor-element-a9577f6 e-con-full e-flex e-con e-child\" data-id=\"a9577f6\" data-element_type=\"container\" data-e-type=\"container\">\n\t\t\t\t<div class=\"elementor-element elementor-element-e8aa659 elementor-widget elementor-widget-heading\" data-id=\"e8aa659\" data-element_type=\"widget\" data-e-type=\"widget\" data-widget_type=\"heading.default\">\n\t\t\t\t\t<h2 class=\"elementor-heading-title elementor-size-default\">\u00dcr\u00fcn Katalo\u011fu<\/h2>\t\t\t\t<\/div>\n\t\t<div class=\"elementor-element elementor-element-924ef39 e-grid e-con-full e-con e-child\" data-id=\"924ef39\" data-element_type=\"container\" data-e-type=\"container\">\n\t\t\t\t<div class=\"elementor-element elementor-element-1c61c4a elementor-position-top elementor-widget elementor-widget-image-box\" data-id=\"1c61c4a\" data-element_type=\"widget\" data-e-type=\"widget\" data-widget_type=\"image-box.default\">\n\t\t\t\t\t<div class=\"elementor-image-box-wrapper\"><figure class=\"elementor-image-box-img\"><img fetchpriority=\"high\" decoding=\"async\" width=\"558\" height=\"600\" src=\"https:\/\/mahsul.uz\/wp-content\/uploads\/2025\/09\/green-bean.jpg\" class=\"attachment-full size-full wp-image-2263\" alt=\"\" srcset=\"https:\/\/mahsul.uz\/wp-content\/uploads\/2025\/09\/green-bean.jpg 558w, https:\/\/mahsul.uz\/wp-content\/uploads\/2025\/09\/green-bean-279x300.jpg 279w\" sizes=\"(max-width: 558px) 100vw, 558px\" \/><\/figure><div class=\"elementor-image-box-content\"><h3 class=\"elementor-image-box-title\">Ma\u015f Fasulyesi<\/h3><\/div><\/div>\t\t\t\t<\/div>\n\t\t\t\t<div class=\"elementor-element elementor-element-c9cade5 elementor-position-top elementor-widget elementor-widget-image-box\" data-id=\"c9cade5\" data-element_type=\"widget\" data-e-type=\"widget\" data-widget_type=\"image-box.default\">\n\t\t\t\t\t<div class=\"elementor-image-box-wrapper\"><figure class=\"elementor-image-box-img\"><img decoding=\"async\" width=\"538\" height=\"578\" src=\"https:\/\/mahsul.uz\/wp-content\/uploads\/2025\/09\/bens-1.jpg\" class=\"attachment-full size-full wp-image-2267\" alt=\"\" srcset=\"https:\/\/mahsul.uz\/wp-content\/uploads\/2025\/09\/bens-1.jpg 538w, https:\/\/mahsul.uz\/wp-content\/uploads\/2025\/09\/bens-1-279x300.jpg 279w\" sizes=\"(max-width: 538px) 100vw, 538px\" \/><\/figure><div class=\"elementor-image-box-content\"><h3 class=\"elementor-image-box-title\">Fasulye<\/h3><\/div><\/div>\t\t\t\t<\/div>\n\t\t\t\t<div class=\"elementor-element elementor-element-d9cfea1 elementor-position-top elementor-widget elementor-widget-image-box\" data-id=\"d9cfea1\" data-element_type=\"widget\" data-e-type=\"widget\" data-widget_type=\"image-box.default\">\n\t\t\t\t\t<div class=\"elementor-image-box-wrapper\"><figure class=\"elementor-image-box-img\"><img decoding=\"async\" width=\"558\" height=\"600\" src=\"https:\/\/mahsul.uz\/wp-content\/uploads\/2025\/09\/chickpea.jpg\" class=\"attachment-full size-full wp-image-2265\" alt=\"\" srcset=\"https:\/\/mahsul.uz\/wp-content\/uploads\/2025\/09\/chickpea.jpg 558w, https:\/\/mahsul.uz\/wp-content\/uploads\/2025\/09\/chickpea-279x300.jpg 279w\" sizes=\"(max-width: 558px) 100vw, 558px\" \/><\/figure><div class=\"elementor-image-box-content\"><h3 class=\"elementor-image-box-title\">Nohut<\/h3><\/div><\/div>\t\t\t\t<\/div>\n\t\t\t\t<\/div>\n\t\t\t\t<\/div>\n\t\t\t\t<\/div>\n\t\t\t\t\t<\/div>\n\t\t\t\t<\/div>\n\t\t<div class=\"elementor-element elementor-element-7d8ff8b1 e-flex e-con-boxed e-con e-parent\" data-id=\"7d8ff8b1\" data-element_type=\"container\" data-e-type=\"container\" data-settings=\"{&quot;background_background&quot;:&quot;classic&quot;}\">\n\t\t\t\t\t<div class=\"e-con-inner\">\n\t\t\t\t<div class=\"elementor-element elementor-element-174e3dbf elementor-widget elementor-widget-heading\" data-id=\"174e3dbf\" data-element_type=\"widget\" data-e-type=\"widget\" data-widget_type=\"heading.default\">\n\t\t\t\t\t<h1 class=\"elementor-heading-title elementor-size-default\">\u0130\u015fbirli\u011fine Davet Ediyoruz<\/h1>\t\t\t\t<\/div>\n\t\t\t\t<div class=\"elementor-element elementor-element-63bcaece elementor-widget elementor-widget-text-editor\" data-id=\"63bcaece\" data-element_type=\"widget\" data-e-type=\"widget\" data-widget_type=\"text-editor.default\">\n\t\t\t\t\t\t\t\t\t<p>Ba\u015far\u0131l\u0131 ve kar\u015f\u0131l\u0131kl\u0131 faydal\u0131 i\u015fbirli\u011fi i\u00e7in en iyi ko\u015fullar\u0131 sunmaya haz\u0131r\u0131z.<\/p>\t\t\t\t\t\t\t\t<\/div>\n\t\t\t\t<div class=\"elementor-element elementor-element-63de36d6 elementor-align-center omw-open-modal elementor-widget elementor-widget-button\" data-id=\"63de36d6\" data-element_type=\"widget\" data-e-type=\"widget\" data-widget_type=\"button.default\">\n\t\t\t\t\t\t\t\t\t\t<a class=\"elementor-button elementor-button-link elementor-size-sm\" href=\"#omw-3144\">\n\t\t\t\t\t\t<span class=\"elementor-button-content-wrapper\">\n\t\t\t\t\t\t\t\t\t<span class=\"elementor-button-text\">Ba\u015fvuru B\u0131rak\u0131n<\/span>\n\t\t\t\t\t<\/span>\n\t\t\t\t\t<\/a>\n\t\t\t\t\t\t\t\t<\/div>\n\t\t\t\t\t<\/div>\n\t\t\t\t<\/div>\n\t\t\t\t<\/div>\n\t\t","protected":false},"excerpt":{"rendered":"<p>Mahsul Pulses, Mahsul \u015firketinin bakliyat tedarikinde uzmanla\u015fm\u0131\u015f bir b\u00f6l\u00fcm\u00fcd\u00fcr. \u00d6zbekistan&#8217;\u0131n bakliyatlar\u0131 y\u00fcksek kalitesi, zengin protein i\u00e7eri\u011fi ve do\u011fal tad\u0131yla tan\u0131n\u0131r. Her \u00e7ift\u00e7inin destek ve sat\u0131\u015f imkan\u0131 buldu\u011fu, her al\u0131c\u0131n\u0131n d\u00fcnya standartlar\u0131nda \u00fcr\u00fcnlerin istikrarl\u0131 tedarikini sa\u011flad\u0131\u011f\u0131 bir sistem olu\u015fturuyoruz. \u00d6zbekistan, ma\u015f fasulyesi, nohut ve fasulye yeti\u015ftiricili\u011fi i\u00e7in elveri\u015fli iklime sahiptir. Temiz topraklar ve do\u011fal g\u00fcne\u015f sayesinde [&hellip;]<\/p>\n","protected":false},"author":1,"featured_media":0,"parent":2627,"menu_order":0,"comment_status":"closed","ping_status":"closed","template":"","meta":{"inline_featured_image":false,"ocean_post_layout":"","ocean_both_sidebars_style":"","ocean_both_sidebars_content_width":0,"ocean_both_sidebars_sidebars_width":0,"ocean_sidebar":"","ocean_second_sidebar":"","ocean_disable_margins":"enable","ocean_add_body_class":"","ocean_shortcode_before_top_bar":"","ocean_shortcode_after_top_bar":"","ocean_shortcode_before_header":"","ocean_shortcode_after_header":"","ocean_has_shortcode":"","ocean_shortcode_after_title":"","ocean_shortcode_before_footer_widgets":"","ocean_shortcode_after_footer_widgets":"","ocean_shortcode_before_footer_bottom":"","ocean_shortcode_after_footer_bottom":"","ocean_display_top_bar":"default","ocean_display_header":"default","ocean_header_style":"","ocean_center_header_left_menu":"","ocean_custom_header_template":"","ocean_custom_logo":0,"ocean_custom_retina_logo":0,"ocean_custom_logo_max_width":0,"ocean_custom_logo_tablet_max_width":0,"ocean_custom_logo_mobile_max_width":0,"ocean_custom_logo_max_height":0,"ocean_custom_logo_tablet_max_height":0,"ocean_custom_logo_mobile_max_height":0,"ocean_header_custom_menu":"","ocean_menu_typo_font_family":"","ocean_menu_typo_font_subset":"","ocean_menu_typo_font_size":0,"ocean_menu_typo_font_size_tablet":0,"ocean_menu_typo_font_size_mobile":0,"ocean_menu_typo_font_size_unit":"px","ocean_menu_typo_font_weight":"","ocean_menu_typo_font_weight_tablet":"","ocean_menu_typo_font_weight_mobile":"","ocean_menu_typo_transform":"","ocean_menu_typo_transform_tablet":"","ocean_menu_typo_transform_mobile":"","ocean_menu_typo_line_height":0,"ocean_menu_typo_line_height_tablet":0,"ocean_menu_typo_line_height_mobile":0,"ocean_menu_typo_line_height_unit":"","ocean_menu_typo_spacing":0,"ocean_menu_typo_spacing_tablet":0,"ocean_menu_typo_spacing_mobile":0,"ocean_menu_typo_spacing_unit":"","ocean_menu_link_color":"","ocean_menu_link_color_hover":"","ocean_menu_link_color_active":"","ocean_menu_link_background":"","ocean_menu_link_hover_background":"","ocean_menu_link_active_background":"","ocean_menu_social_links_bg":"","ocean_menu_social_hover_links_bg":"","ocean_menu_social_links_color":"","ocean_menu_social_hover_links_color":"","ocean_disable_title":"default","ocean_disable_heading":"default","ocean_post_title":"","ocean_post_subheading":"Mahsul Pulses - g\u00fcvenilir enerji ve sa\u011fl\u0131k kayna\u011f\u0131.","ocean_post_title_style":"","ocean_post_title_background_color":"","ocean_post_title_background":0,"ocean_post_title_bg_image_position":"","ocean_post_title_bg_image_attachment":"","ocean_post_title_bg_image_repeat":"","ocean_post_title_bg_image_size":"","ocean_post_title_height":0,"ocean_post_title_bg_overlay":0.5,"ocean_post_title_bg_overlay_color":"","ocean_disable_breadcrumbs":"default","ocean_breadcrumbs_color":"","ocean_breadcrumbs_separator_color":"","ocean_breadcrumbs_links_color":"","ocean_breadcrumbs_links_hover_color":"","ocean_display_footer_widgets":"default","ocean_display_footer_bottom":"default","ocean_custom_footer_template":"","omw_enable_modal_window":"enable","footnotes":""},"class_list":["post-2593","page","type-page","status-publish","hentry","entry"],"yoast_head":"<!-- This site is optimized with the Yoast SEO plugin v27.4 - https:\/\/yoast.com\/product\/yoast-seo-wordpress\/ -->\n<title>\u00d6zbekistan&#039;dan Bakliyat \u0130hracat\u0131-\u0130thalat\u0131 - Mahsul Pulses<\/title>\n<meta name=\"robots\" content=\"index, follow, max-snippet:-1, max-image-preview:large, max-video-preview:-1\" \/>\n<link rel=\"canonical\" href=\"https:\/\/mahsul.uz\/tr\/bolumler\/mahsul-pulses\/\" \/>\n<meta property=\"og:locale\" content=\"tr_TR\" \/>\n<meta property=\"og:type\" content=\"article\" \/>\n<meta property=\"og:title\" content=\"\u00d6zbekistan&#039;dan Bakliyat \u0130hracat\u0131-\u0130thalat\u0131 - Mahsul Pulses\" \/>\n<meta property=\"og:description\" content=\"Mahsul Pulses, Mahsul \u015firketinin bakliyat tedarikinde uzmanla\u015fm\u0131\u015f bir b\u00f6l\u00fcm\u00fcd\u00fcr. \u00d6zbekistan&#8217;\u0131n bakliyatlar\u0131 y\u00fcksek kalitesi, zengin protein i\u00e7eri\u011fi ve do\u011fal tad\u0131yla tan\u0131n\u0131r. Her \u00e7ift\u00e7inin destek ve sat\u0131\u015f imkan\u0131 buldu\u011fu, her al\u0131c\u0131n\u0131n d\u00fcnya standartlar\u0131nda \u00fcr\u00fcnlerin istikrarl\u0131 tedarikini sa\u011flad\u0131\u011f\u0131 bir sistem olu\u015fturuyoruz. \u00d6zbekistan, ma\u015f fasulyesi, nohut ve fasulye yeti\u015ftiricili\u011fi i\u00e7in elveri\u015fli iklime sahiptir. Temiz topraklar ve do\u011fal g\u00fcne\u015f sayesinde [&hellip;]\" \/>\n<meta property=\"og:url\" content=\"https:\/\/mahsul.uz\/tr\/bolumler\/mahsul-pulses\/\" \/>\n<meta property=\"og:site_name\" content=\"Mahsul\" \/>\n<meta property=\"article:publisher\" content=\"https:\/\/www.facebook.com\/mahsulglobal\" \/>\n<meta property=\"article:modified_time\" content=\"2025-12-08T14:26:43+00:00\" \/>\n<meta property=\"og:image\" content=\"https:\/\/mahsul.uz\/wp-content\/uploads\/2025\/09\/green-bean.jpg\" \/>\n<meta name=\"twitter:card\" content=\"summary_large_image\" \/>\n<meta name=\"twitter:label1\" content=\"Tahmini okuma s\u00fcresi\" \/>\n\t<meta name=\"twitter:data1\" content=\"2 dakika\" \/>\n<script type=\"application\/ld+json\" class=\"yoast-schema-graph\">{\"@context\":\"https:\\\/\\\/schema.org\",\"@graph\":[{\"@type\":\"WebPage\",\"@id\":\"https:\\\/\\\/mahsul.uz\\\/tr\\\/bolumler\\\/mahsul-pulses\\\/\",\"url\":\"https:\\\/\\\/mahsul.uz\\\/tr\\\/bolumler\\\/mahsul-pulses\\\/\",\"name\":\"\u00d6zbekistan'dan Bakliyat \u0130hracat\u0131-\u0130thalat\u0131 - Mahsul Pulses\",\"isPartOf\":{\"@id\":\"https:\\\/\\\/mahsul.uz\\\/tr\\\/#website\"},\"primaryImageOfPage\":{\"@id\":\"https:\\\/\\\/mahsul.uz\\\/tr\\\/bolumler\\\/mahsul-pulses\\\/#primaryimage\"},\"image\":{\"@id\":\"https:\\\/\\\/mahsul.uz\\\/tr\\\/bolumler\\\/mahsul-pulses\\\/#primaryimage\"},\"thumbnailUrl\":\"https:\\\/\\\/mahsul.uz\\\/wp-content\\\/uploads\\\/2025\\\/09\\\/green-bean.jpg\",\"datePublished\":\"2025-09-21T03:26:51+00:00\",\"dateModified\":\"2025-12-08T14:26:43+00:00\",\"breadcrumb\":{\"@id\":\"https:\\\/\\\/mahsul.uz\\\/tr\\\/bolumler\\\/mahsul-pulses\\\/#breadcrumb\"},\"inLanguage\":\"tr\",\"potentialAction\":[{\"@type\":\"ReadAction\",\"target\":[\"https:\\\/\\\/mahsul.uz\\\/tr\\\/bolumler\\\/mahsul-pulses\\\/\"]}]},{\"@type\":\"ImageObject\",\"inLanguage\":\"tr\",\"@id\":\"https:\\\/\\\/mahsul.uz\\\/tr\\\/bolumler\\\/mahsul-pulses\\\/#primaryimage\",\"url\":\"https:\\\/\\\/mahsul.uz\\\/wp-content\\\/uploads\\\/2025\\\/09\\\/green-bean.jpg\",\"contentUrl\":\"https:\\\/\\\/mahsul.uz\\\/wp-content\\\/uploads\\\/2025\\\/09\\\/green-bean.jpg\"},{\"@type\":\"BreadcrumbList\",\"@id\":\"https:\\\/\\\/mahsul.uz\\\/tr\\\/bolumler\\\/mahsul-pulses\\\/#breadcrumb\",\"itemListElement\":[{\"@type\":\"ListItem\",\"position\":1,\"name\":\"Ana Sayfa\",\"item\":\"https:\\\/\\\/mahsul.uz\\\/tr\\\/\"},{\"@type\":\"ListItem\",\"position\":2,\"name\":\"B\u00f6l\u00fcmler\",\"item\":\"https:\\\/\\\/mahsul.uz\\\/tr\\\/bolumler\\\/\"},{\"@type\":\"ListItem\",\"position\":3,\"name\":\"Mahsul Pulses\"}]},{\"@type\":\"WebSite\",\"@id\":\"https:\\\/\\\/mahsul.uz\\\/tr\\\/#website\",\"url\":\"https:\\\/\\\/mahsul.uz\\\/tr\\\/\",\"name\":\"Mahsul\",\"description\":\"\u00d6zbekistan&#039;da tar\u0131msal toplay\u0131c\u0131\",\"publisher\":{\"@id\":\"https:\\\/\\\/mahsul.uz\\\/tr\\\/#organization\"},\"potentialAction\":[{\"@type\":\"SearchAction\",\"target\":{\"@type\":\"EntryPoint\",\"urlTemplate\":\"https:\\\/\\\/mahsul.uz\\\/tr\\\/?s={search_term_string}\"},\"query-input\":{\"@type\":\"PropertyValueSpecification\",\"valueRequired\":true,\"valueName\":\"search_term_string\"}}],\"inLanguage\":\"tr\"},{\"@type\":\"Organization\",\"@id\":\"https:\\\/\\\/mahsul.uz\\\/tr\\\/#organization\",\"name\":\"Mahsul\",\"url\":\"https:\\\/\\\/mahsul.uz\\\/tr\\\/\",\"logo\":{\"@type\":\"ImageObject\",\"inLanguage\":\"tr\",\"@id\":\"https:\\\/\\\/mahsul.uz\\\/tr\\\/#\\\/schema\\\/logo\\\/image\\\/\",\"url\":\"https:\\\/\\\/mahsul.uz\\\/wp-content\\\/uploads\\\/2025\\\/12\\\/Mahsul-Web.png\",\"contentUrl\":\"https:\\\/\\\/mahsul.uz\\\/wp-content\\\/uploads\\\/2025\\\/12\\\/Mahsul-Web.png\",\"width\":1500,\"height\":1500,\"caption\":\"Mahsul\"},\"image\":{\"@id\":\"https:\\\/\\\/mahsul.uz\\\/tr\\\/#\\\/schema\\\/logo\\\/image\\\/\"},\"sameAs\":[\"https:\\\/\\\/www.facebook.com\\\/mahsulglobal\",\"https:\\\/\\\/www.instagram.com\\\/mahsulgroup\",\"https:\\\/\\\/www.linkedin.com\\\/company\\\/mahsul\\\/\"]}]}<\/script>\n<!-- \/ Yoast SEO plugin. -->","yoast_head_json":{"title":"\u00d6zbekistan'dan Bakliyat \u0130hracat\u0131-\u0130thalat\u0131 - Mahsul Pulses","robots":{"index":"index","follow":"follow","max-snippet":"max-snippet:-1","max-image-preview":"max-image-preview:large","max-video-preview":"max-video-preview:-1"},"canonical":"https:\/\/mahsul.uz\/tr\/bolumler\/mahsul-pulses\/","og_locale":"tr_TR","og_type":"article","og_title":"\u00d6zbekistan'dan Bakliyat \u0130hracat\u0131-\u0130thalat\u0131 - Mahsul Pulses","og_description":"Mahsul Pulses, Mahsul \u015firketinin bakliyat tedarikinde uzmanla\u015fm\u0131\u015f bir b\u00f6l\u00fcm\u00fcd\u00fcr. \u00d6zbekistan&#8217;\u0131n bakliyatlar\u0131 y\u00fcksek kalitesi, zengin protein i\u00e7eri\u011fi ve do\u011fal tad\u0131yla tan\u0131n\u0131r. Her \u00e7ift\u00e7inin destek ve sat\u0131\u015f imkan\u0131 buldu\u011fu, her al\u0131c\u0131n\u0131n d\u00fcnya standartlar\u0131nda \u00fcr\u00fcnlerin istikrarl\u0131 tedarikini sa\u011flad\u0131\u011f\u0131 bir sistem olu\u015fturuyoruz. \u00d6zbekistan, ma\u015f fasulyesi, nohut ve fasulye yeti\u015ftiricili\u011fi i\u00e7in elveri\u015fli iklime sahiptir. Temiz topraklar ve do\u011fal g\u00fcne\u015f sayesinde [&hellip;]","og_url":"https:\/\/mahsul.uz\/tr\/bolumler\/mahsul-pulses\/","og_site_name":"Mahsul","article_publisher":"https:\/\/www.facebook.com\/mahsulglobal","article_modified_time":"2025-12-08T14:26:43+00:00","og_image":[{"url":"https:\/\/mahsul.uz\/wp-content\/uploads\/2025\/09\/green-bean.jpg","type":"","width":"","height":""}],"twitter_card":"summary_large_image","twitter_misc":{"Tahmini okuma s\u00fcresi":"2 dakika"},"schema":{"@context":"https:\/\/schema.org","@graph":[{"@type":"WebPage","@id":"https:\/\/mahsul.uz\/tr\/bolumler\/mahsul-pulses\/","url":"https:\/\/mahsul.uz\/tr\/bolumler\/mahsul-pulses\/","name":"\u00d6zbekistan'dan Bakliyat \u0130hracat\u0131-\u0130thalat\u0131 - Mahsul Pulses","isPartOf":{"@id":"https:\/\/mahsul.uz\/tr\/#website"},"primaryImageOfPage":{"@id":"https:\/\/mahsul.uz\/tr\/bolumler\/mahsul-pulses\/#primaryimage"},"image":{"@id":"https:\/\/mahsul.uz\/tr\/bolumler\/mahsul-pulses\/#primaryimage"},"thumbnailUrl":"https:\/\/mahsul.uz\/wp-content\/uploads\/2025\/09\/green-bean.jpg","datePublished":"2025-09-21T03:26:51+00:00","dateModified":"2025-12-08T14:26:43+00:00","breadcrumb":{"@id":"https:\/\/mahsul.uz\/tr\/bolumler\/mahsul-pulses\/#breadcrumb"},"inLanguage":"tr","potentialAction":[{"@type":"ReadAction","target":["https:\/\/mahsul.uz\/tr\/bolumler\/mahsul-pulses\/"]}]},{"@type":"ImageObject","inLanguage":"tr","@id":"https:\/\/mahsul.uz\/tr\/bolumler\/mahsul-pulses\/#primaryimage","url":"https:\/\/mahsul.uz\/wp-content\/uploads\/2025\/09\/green-bean.jpg","contentUrl":"https:\/\/mahsul.uz\/wp-content\/uploads\/2025\/09\/green-bean.jpg"},{"@type":"BreadcrumbList","@id":"https:\/\/mahsul.uz\/tr\/bolumler\/mahsul-pulses\/#breadcrumb","itemListElement":[{"@type":"ListItem","position":1,"name":"Ana Sayfa","item":"https:\/\/mahsul.uz\/tr\/"},{"@type":"ListItem","position":2,"name":"B\u00f6l\u00fcmler","item":"https:\/\/mahsul.uz\/tr\/bolumler\/"},{"@type":"ListItem","position":3,"name":"Mahsul Pulses"}]},{"@type":"WebSite","@id":"https:\/\/mahsul.uz\/tr\/#website","url":"https:\/\/mahsul.uz\/tr\/","name":"Mahsul","description":"\u00d6zbekistan&#039;da tar\u0131msal toplay\u0131c\u0131","publisher":{"@id":"https:\/\/mahsul.uz\/tr\/#organization"},"potentialAction":[{"@type":"SearchAction","target":{"@type":"EntryPoint","urlTemplate":"https:\/\/mahsul.uz\/tr\/?s={search_term_string}"},"query-input":{"@type":"PropertyValueSpecification","valueRequired":true,"valueName":"search_term_string"}}],"inLanguage":"tr"},{"@type":"Organization","@id":"https:\/\/mahsul.uz\/tr\/#organization","name":"Mahsul","url":"https:\/\/mahsul.uz\/tr\/","logo":{"@type":"ImageObject","inLanguage":"tr","@id":"https:\/\/mahsul.uz\/tr\/#\/schema\/logo\/image\/","url":"https:\/\/mahsul.uz\/wp-content\/uploads\/2025\/12\/Mahsul-Web.png","contentUrl":"https:\/\/mahsul.uz\/wp-content\/uploads\/2025\/12\/Mahsul-Web.png","width":1500,"height":1500,"caption":"Mahsul"},"image":{"@id":"https:\/\/mahsul.uz\/tr\/#\/schema\/logo\/image\/"},"sameAs":["https:\/\/www.facebook.com\/mahsulglobal","https:\/\/www.instagram.com\/mahsulgroup","https:\/\/www.linkedin.com\/company\/mahsul\/"]}]}},"_links":{"self":[{"href":"https:\/\/mahsul.uz\/tr\/wp-json\/wp\/v2\/pages\/2593","targetHints":{"allow":["GET"]}}],"collection":[{"href":"https:\/\/mahsul.uz\/tr\/wp-json\/wp\/v2\/pages"}],"about":[{"href":"https:\/\/mahsul.uz\/tr\/wp-json\/wp\/v2\/types\/page"}],"author":[{"embeddable":true,"href":"https:\/\/mahsul.uz\/tr\/wp-json\/wp\/v2\/users\/1"}],"replies":[{"embeddable":true,"href":"https:\/\/mahsul.uz\/tr\/wp-json\/wp\/v2\/comments?post=2593"}],"version-history":[{"count":3,"href":"https:\/\/mahsul.uz\/tr\/wp-json\/wp\/v2\/pages\/2593\/revisions"}],"predecessor-version":[{"id":3305,"href":"https:\/\/mahsul.uz\/tr\/wp-json\/wp\/v2\/pages\/2593\/revisions\/3305"}],"up":[{"embeddable":true,"href":"https:\/\/mahsul.uz\/tr\/wp-json\/wp\/v2\/pages\/2627"}],"wp:attachment":[{"href":"https:\/\/mahsul.uz\/tr\/wp-json\/wp\/v2\/media?parent=2593"}],"curies":[{"name":"wp","href":"https:\/\/api.w.org\/{rel}","templated":true}]}}