{"id":2617,"date":"2025-09-20T13:36:46","date_gmt":"2025-09-20T08:36:46","guid":{"rendered":"https:\/\/mahsul.uz\/sirket-hakkinda\/"},"modified":"2026-01-20T14:31:49","modified_gmt":"2026-01-20T09:31:49","slug":"sirket-hakkinda","status":"publish","type":"page","link":"https:\/\/mahsul.uz\/tr\/sirket-hakkinda\/","title":{"rendered":"\u015eirket Hakk\u0131nda"},"content":{"rendered":"\t\t<div data-elementor-type=\"wp-page\" data-elementor-id=\"2617\" class=\"elementor elementor-2617 elementor-28\">\n\t\t\t\t<div class=\"elementor-element elementor-element-17df78f e-flex e-con-boxed e-con e-parent\" data-id=\"17df78f\" data-element_type=\"container\" data-e-type=\"container\">\n\t\t\t\t\t<div class=\"e-con-inner\">\n\t\t\t\t<div class=\"elementor-element elementor-element-1147220 elementor-widget elementor-widget-text-editor\" data-id=\"1147220\" data-element_type=\"widget\" data-e-type=\"widget\" data-widget_type=\"text-editor.default\">\n\t\t\t\t\t\t\t\t\t<p data-start=\"2609\" data-end=\"2773\"><strong data-start=\"2609\" data-end=\"2619\">Mahsul<\/strong>, \u00d6zbekistan genelindeki tar\u0131msal \u00fcreticileri bir araya getiren ve ihracat\u0131 kontroll\u00fc ve \u00f6l\u00e7eklenebilir bir sistem olarak y\u00f6neten bir tar\u0131m tedarik\u00e7isidir.<\/p><p data-start=\"2775\" data-end=\"2988\">Biz tek seferlik bir t\u00fcccar veya arac\u0131 de\u011filiz.<br data-start=\"2822\" data-end=\"2825\" \/>Mahsul, birden fazla \u00e7iftlikten hacimleri birle\u015ftirir, kaliteyi standartla\u015ft\u0131r\u0131r, \u00fcr\u00fcn haz\u0131rl\u0131\u011f\u0131n\u0131 ve lojisti\u011fi y\u00f6netir ve al\u0131c\u0131ya kar\u015f\u0131 nihai sonu\u00e7tan sorumludur.<\/p><p data-start=\"2990\" data-end=\"3130\">Amac\u0131m\u0131z, \u00d6zbek tar\u0131m \u00fcr\u00fcnlerini uluslararas\u0131 pazarlar i\u00e7in <strong data-start=\"3050\" data-end=\"3112\">kalite, hacim ve teslimat s\u00fcreleri a\u00e7\u0131s\u0131ndan \u00f6ng\u00f6r\u00fclebilir<\/strong> hale getirmektir.<\/p>\t\t\t\t\t\t\t\t<\/div>\n\t\t\t\t\t<\/div>\n\t\t\t\t<\/div>\n\t\t<div class=\"elementor-element elementor-element-52ff21f e-flex e-con-boxed e-con e-parent\" data-id=\"52ff21f\" data-element_type=\"container\" data-e-type=\"container\" data-settings=\"{&quot;background_background&quot;:&quot;classic&quot;}\">\n\t\t\t\t\t<div class=\"e-con-inner\">\n\t\t\t\t\t<\/div>\n\t\t\t\t<\/div>\n\t\t<div class=\"elementor-element elementor-element-8836b08 e-flex e-con-boxed e-con e-parent\" data-id=\"8836b08\" data-element_type=\"container\" data-e-type=\"container\">\n\t\t\t\t\t<div class=\"e-con-inner\">\n\t\t<div class=\"elementor-element elementor-element-6304fa7 e-con-full e-flex e-con e-child\" data-id=\"6304fa7\" data-element_type=\"container\" data-e-type=\"container\">\n\t\t\t\t<div class=\"elementor-element elementor-element-f232167 elementor-widget elementor-widget-heading\" data-id=\"f232167\" data-element_type=\"widget\" data-e-type=\"widget\" data-widget_type=\"heading.default\">\n\t\t\t\t\t<h2 class=\"elementor-heading-title elementor-size-default\">Tedarik zincirindeki rol\u00fcm\u00fcz<\/h2>\t\t\t\t<\/div>\n\t\t\t\t<div class=\"elementor-element elementor-element-072277f elementor-widget elementor-widget-text-editor\" data-id=\"072277f\" data-element_type=\"widget\" data-e-type=\"widget\" data-widget_type=\"text-editor.default\">\n\t\t\t\t\t\t\t\t\t<p data-start=\"3166\" data-end=\"3343\"><strong data-start=\"3166\" data-end=\"3189\">\u00dcretici agregasyonu<\/strong><br data-start=\"3189\" data-end=\"3192\" \/>\u00d6zbekistan genelinde partner \u00e7iftliklerden olu\u015fan bir a\u011f kuruyor, \u00e7e\u015fit, kalite, hasat zaman\u0131 ve teknoloji a\u00e7\u0131s\u0131ndan tek tip standartlarla \u00e7al\u0131\u015f\u0131yoruz.<\/p><p data-start=\"3345\" data-end=\"3505\"><strong data-start=\"3345\" data-end=\"3372\">Kalite standardizasyonu<\/strong><br data-start=\"3372\" data-end=\"3375\" \/>Ay\u0131klama, kalibreleme, paketleme, \u00f6n so\u011futma ve depolama, hedef pazar\u0131n gerekliliklerine uygun Mahsul standartlar\u0131na g\u00f6re yap\u0131l\u0131r.<\/p><p data-start=\"3507\" data-end=\"3651\"><strong data-start=\"3507\" data-end=\"3526\">Pazara uyarlama<\/strong><br data-start=\"3526\" data-end=\"3529\" \/>Her sevkiyat, \u00fclkeye ve m\u00fc\u015fteri tipine g\u00f6re; teknik \u015fartnameler, ambalaj, etiketleme ve dok\u00fcmantasyon a\u00e7\u0131s\u0131ndan uyarlan\u0131r.<\/p><p data-start=\"3653\" data-end=\"3788\"><strong data-start=\"3653\" data-end=\"3674\">Sevkiyat y\u00f6netimi<\/strong><br data-start=\"3674\" data-end=\"3677\" \/>Mahsul, lojistik ve ihracat s\u00fcre\u00e7lerini koordine ederek al\u0131c\u0131lar i\u00e7in istikrar, \u015feffafl\u0131k ve d\u00fc\u015f\u00fck risk sa\u011flar.<\/p>\t\t\t\t\t\t\t\t<\/div>\n\t\t\t\t<\/div>\n\t\t<div class=\"elementor-element elementor-element-0eed45c e-con-full e-flex e-con e-child\" data-id=\"0eed45c\" data-element_type=\"container\" data-e-type=\"container\">\n\t\t\t\t<div class=\"elementor-element elementor-element-5834385 elementor-widget elementor-widget-heading\" data-id=\"5834385\" data-element_type=\"widget\" data-e-type=\"widget\" data-widget_type=\"heading.default\">\n\t\t\t\t\t<h2 class=\"elementor-heading-title elementor-size-default\">Mahsul\u2019\u00fcn de\u011feri<\/h2>\t\t\t\t<\/div>\n\t\t\t\t<div class=\"elementor-element elementor-element-810001d elementor-widget elementor-widget-text-editor\" data-id=\"810001d\" data-element_type=\"widget\" data-e-type=\"widget\" data-widget_type=\"text-editor.default\">\n\t\t\t\t\t\t\t\t\t<p data-start=\"4094\" data-end=\"4111\"><strong data-start=\"4094\" data-end=\"4111\">Al\u0131c\u0131lar i\u00e7in<\/strong><\/p><ul data-start=\"4112\" data-end=\"4259\"><li data-start=\"4112\" data-end=\"4168\"><p data-start=\"4114\" data-end=\"4168\">\u00e7ok say\u0131da tedarik\u00e7i yerine tek bir tedarik\u00e7i<\/p><\/li><li data-start=\"4112\" data-end=\"4168\"><p data-start=\"4114\" data-end=\"4168\">istikrarl\u0131 kalite ve hacimler<\/p><\/li><li data-start=\"4203\" data-end=\"4225\"><p data-start=\"4205\" data-end=\"4225\">zaman\u0131nda teslimat<\/p><\/li><li data-start=\"4226\" data-end=\"4259\"><p data-start=\"4228\" data-end=\"4259\">\u015feffaf s\u00fcre\u00e7ler ve sorumluluk<\/p><\/li><\/ul><p data-start=\"4261\" data-end=\"4280\"><strong data-start=\"4261\" data-end=\"4280\">\u00dcreticiler i\u00e7in<\/strong><\/p><ul data-start=\"4281\" data-end=\"4394\"><li data-start=\"4281\" data-end=\"4301\"><p data-start=\"4283\" data-end=\"4301\">istikrarl\u0131 sat\u0131\u015f<\/p><\/li><li data-start=\"4302\" data-end=\"4332\"><p data-start=\"4304\" data-end=\"4332\">ihracat pazarlar\u0131na eri\u015fim<\/p><\/li><li data-start=\"4333\" data-end=\"4362\"><p data-start=\"4335\" data-end=\"4362\">net kalite gereklilikleri<\/p><\/li><li data-start=\"4363\" data-end=\"4394\"><p data-start=\"4365\" data-end=\"4394\">s\u00fcrd\u00fcr\u00fclebilir gelir art\u0131\u015f\u0131<\/p><\/li><\/ul>\t\t\t\t\t\t\t\t<\/div>\n\t\t\t\t<\/div>\n\t\t\t\t\t<\/div>\n\t\t\t\t<\/div>\n\t\t<div class=\"elementor-element elementor-element-4aac1bf e-flex e-con-boxed e-con e-parent\" data-id=\"4aac1bf\" data-element_type=\"container\" data-e-type=\"container\">\n\t\t\t\t\t<div class=\"e-con-inner\">\n\t\t<div class=\"elementor-element elementor-element-b643db9 e-con-full e-flex e-con e-child\" data-id=\"b643db9\" data-element_type=\"container\" data-e-type=\"container\">\n\t\t\t\t<div class=\"elementor-element elementor-element-8f970a2 elementor-widget elementor-widget-heading\" data-id=\"8f970a2\" data-element_type=\"widget\" data-e-type=\"widget\" data-widget_type=\"heading.default\">\n\t\t\t\t\t<h2 class=\"elementor-heading-title elementor-size-default\">\u00c7al\u0131\u015ft\u0131\u011f\u0131m\u0131z m\u00fc\u015fteriler<\/h2>\t\t\t\t<\/div>\n\t\t\t\t<div class=\"elementor-element elementor-element-30e8de2 elementor-widget elementor-widget-text-editor\" data-id=\"30e8de2\" data-element_type=\"widget\" data-e-type=\"widget\" data-widget_type=\"text-editor.default\">\n\t\t\t\t\t\t\t\t\t<ul data-start=\"3818\" data-end=\"3893\"><li data-start=\"3818\" data-end=\"3842\"><p data-start=\"3820\" data-end=\"3842\">perakende zincirleri<\/p><\/li><li data-start=\"3843\" data-end=\"3861\"><p data-start=\"3845\" data-end=\"3861\">distrib\u00fct\u00f6rler<\/p><\/li><li data-start=\"3862\" data-end=\"3877\"><p data-start=\"3864\" data-end=\"3877\">toptanc\u0131lar<\/p><\/li><li data-start=\"3878\" data-end=\"3893\"><p data-start=\"3880\" data-end=\"3893\">i\u015fleyiciler<\/p><\/li><\/ul><p data-start=\"3895\" data-end=\"3943\">Ana pazarlar: <strong data-start=\"3911\" data-end=\"3943\">BDT, Avrupa, Orta Do\u011fu, Asya<\/strong><\/p>\t\t\t\t\t\t\t\t<\/div>\n\t\t\t\t<\/div>\n\t\t<div class=\"elementor-element elementor-element-d0d874c e-con-full e-flex e-con e-child\" data-id=\"d0d874c\" data-element_type=\"container\" data-e-type=\"container\">\n\t\t\t\t<div class=\"elementor-element elementor-element-3eff4e0 elementor-widget elementor-widget-heading\" data-id=\"3eff4e0\" data-element_type=\"widget\" data-e-type=\"widget\" data-widget_type=\"heading.default\">\n\t\t\t\t\t<h2 class=\"elementor-heading-title elementor-size-default\">\u0130lkelerimiz<\/h2>\t\t\t\t<\/div>\n\t\t\t\t<div class=\"elementor-element elementor-element-b5b810c elementor-widget elementor-widget-text-editor\" data-id=\"b5b810c\" data-element_type=\"widget\" data-e-type=\"widget\" data-widget_type=\"text-editor.default\">\n\t\t\t\t\t\t\t\t\t<ul><li data-start=\"4412\" data-end=\"4443\"><p data-start=\"4414\" data-end=\"4443\">kalite, fiyattan \u00f6nce gelir<\/p><\/li><li data-start=\"4444\" data-end=\"4484\"><p data-start=\"4446\" data-end=\"4484\">iade veya ceza riskindense reddetmek<\/p><\/li><li data-start=\"4485\" data-end=\"4510\"><p data-start=\"4487\" data-end=\"4510\">her a\u015famada \u015feffafl\u0131k<\/p><\/li><li data-start=\"4511\" data-end=\"4543\"><p data-start=\"4513\" data-end=\"4543\">her sevkiyat i\u00e7in sorumluluk<\/p><\/li><li data-start=\"4544\" data-end=\"4573\"><p data-start=\"4546\" data-end=\"4573\">uzun vadeli i\u015f birlikleri<\/p><\/li><\/ul>\t\t\t\t\t\t\t\t<\/div>\n\t\t\t\t<\/div>\n\t\t\t\t\t<\/div>\n\t\t\t\t<\/div>\n\t\t<div class=\"elementor-element elementor-element-58670d5b e-flex e-con-boxed e-con e-parent\" data-id=\"58670d5b\" data-element_type=\"container\" data-e-type=\"container\" data-settings=\"{&quot;background_background&quot;:&quot;classic&quot;}\">\n\t\t\t\t\t<div class=\"e-con-inner\">\n\t\t\t\t<div class=\"elementor-element elementor-element-5d4644af elementor-widget elementor-widget-heading\" data-id=\"5d4644af\" data-element_type=\"widget\" data-e-type=\"widget\" data-widget_type=\"heading.default\">\n\t\t\t\t\t<h1 class=\"elementor-heading-title elementor-size-default\">\u0130\u015f birli\u011fine haz\u0131r m\u0131s\u0131n\u0131z?<\/h1>\t\t\t\t<\/div>\n\t\t\t\t<div class=\"elementor-element elementor-element-103e6958 elementor-widget elementor-widget-text-editor\" data-id=\"103e6958\" data-element_type=\"widget\" data-e-type=\"widget\" data-widget_type=\"text-editor.default\">\n\t\t\t\t\t\t\t\t\t<p>Ba\u015far\u0131l\u0131 ve kar\u015f\u0131l\u0131kl\u0131 faydal\u0131 i\u015fbirli\u011fi i\u00e7in en iyi ko\u015fullar\u0131 sunmaya haz\u0131r\u0131z.<\/p>\t\t\t\t\t\t\t\t<\/div>\n\t\t\t\t<div class=\"elementor-element elementor-element-4e9fc464 elementor-align-center omw-open-modal elementor-widget elementor-widget-button\" data-id=\"4e9fc464\" data-element_type=\"widget\" data-e-type=\"widget\" data-widget_type=\"button.default\">\n\t\t\t\t\t\t\t\t\t\t<a class=\"elementor-button elementor-button-link elementor-size-sm\" href=\"#omw-3144\">\n\t\t\t\t\t\t<span class=\"elementor-button-content-wrapper\">\n\t\t\t\t\t\t\t\t\t<span class=\"elementor-button-text\">Ba\u015fvuru B\u0131rak\u0131n<\/span>\n\t\t\t\t\t<\/span>\n\t\t\t\t\t<\/a>\n\t\t\t\t\t\t\t\t<\/div>\n\t\t\t\t\t<\/div>\n\t\t\t\t<\/div>\n\t\t\t\t<\/div>\n\t\t","protected":false},"excerpt":{"rendered":"<p>Mahsul, \u00d6zbekistan genelindeki tar\u0131msal \u00fcreticileri bir araya getiren ve ihracat\u0131 kontroll\u00fc ve \u00f6l\u00e7eklenebilir bir sistem olarak y\u00f6neten bir tar\u0131m tedarik\u00e7isidir. Biz tek seferlik bir t\u00fcccar veya arac\u0131 de\u011filiz.Mahsul, birden fazla \u00e7iftlikten hacimleri birle\u015ftirir, kaliteyi standartla\u015ft\u0131r\u0131r, \u00fcr\u00fcn haz\u0131rl\u0131\u011f\u0131n\u0131 ve lojisti\u011fi y\u00f6netir ve al\u0131c\u0131ya kar\u015f\u0131 nihai sonu\u00e7tan sorumludur. Amac\u0131m\u0131z, \u00d6zbek tar\u0131m \u00fcr\u00fcnlerini uluslararas\u0131 pazarlar i\u00e7in kalite, hacim [&hellip;]<\/p>\n","protected":false},"author":1,"featured_media":0,"parent":0,"menu_order":20,"comment_status":"closed","ping_status":"closed","template":"","meta":{"inline_featured_image":false,"ocean_post_layout":"","ocean_both_sidebars_style":"","ocean_both_sidebars_content_width":0,"ocean_both_sidebars_sidebars_width":0,"ocean_sidebar":"","ocean_second_sidebar":"","ocean_disable_margins":"enable","ocean_add_body_class":"","ocean_shortcode_before_top_bar":"","ocean_shortcode_after_top_bar":"","ocean_shortcode_before_header":"","ocean_shortcode_after_header":"","ocean_has_shortcode":"","ocean_shortcode_after_title":"","ocean_shortcode_before_footer_widgets":"","ocean_shortcode_after_footer_widgets":"","ocean_shortcode_before_footer_bottom":"","ocean_shortcode_after_footer_bottom":"","ocean_display_top_bar":"default","ocean_display_header":"default","ocean_header_style":"","ocean_center_header_left_menu":"","ocean_custom_header_template":"","ocean_custom_logo":0,"ocean_custom_retina_logo":0,"ocean_custom_logo_max_width":0,"ocean_custom_logo_tablet_max_width":0,"ocean_custom_logo_mobile_max_width":0,"ocean_custom_logo_max_height":0,"ocean_custom_logo_tablet_max_height":0,"ocean_custom_logo_mobile_max_height":0,"ocean_header_custom_menu":"","ocean_menu_typo_font_family":"","ocean_menu_typo_font_subset":"","ocean_menu_typo_font_size":0,"ocean_menu_typo_font_size_tablet":0,"ocean_menu_typo_font_size_mobile":0,"ocean_menu_typo_font_size_unit":"px","ocean_menu_typo_font_weight":"","ocean_menu_typo_font_weight_tablet":"","ocean_menu_typo_font_weight_mobile":"","ocean_menu_typo_transform":"","ocean_menu_typo_transform_tablet":"","ocean_menu_typo_transform_mobile":"","ocean_menu_typo_line_height":0,"ocean_menu_typo_line_height_tablet":0,"ocean_menu_typo_line_height_mobile":0,"ocean_menu_typo_line_height_unit":"","ocean_menu_typo_spacing":0,"ocean_menu_typo_spacing_tablet":0,"ocean_menu_typo_spacing_mobile":0,"ocean_menu_typo_spacing_unit":"","ocean_menu_link_color":"","ocean_menu_link_color_hover":"","ocean_menu_link_color_active":"","ocean_menu_link_background":"","ocean_menu_link_hover_background":"","ocean_menu_link_active_background":"","ocean_menu_social_links_bg":"","ocean_menu_social_hover_links_bg":"","ocean_menu_social_links_color":"","ocean_menu_social_hover_links_color":"","ocean_disable_title":"default","ocean_disable_heading":"default","ocean_post_title":"","ocean_post_subheading":"Mahsul \u2014 her teslimat i\u00e7in g\u00fcvenilirlik, kalite ve g\u00fcvencedir.","ocean_post_title_style":"","ocean_post_title_background_color":"","ocean_post_title_background":0,"ocean_post_title_bg_image_position":"","ocean_post_title_bg_image_attachment":"","ocean_post_title_bg_image_repeat":"","ocean_post_title_bg_image_size":"","ocean_post_title_height":0,"ocean_post_title_bg_overlay":0.5,"ocean_post_title_bg_overlay_color":"","ocean_disable_breadcrumbs":"default","ocean_breadcrumbs_color":"","ocean_breadcrumbs_separator_color":"","ocean_breadcrumbs_links_color":"","ocean_breadcrumbs_links_hover_color":"","ocean_display_footer_widgets":"default","ocean_display_footer_bottom":"default","ocean_custom_footer_template":"","omw_enable_modal_window":"enable","footnotes":""},"class_list":["post-2617","page","type-page","status-publish","hentry","entry"],"yoast_head":"<!-- This site is optimized with the Yoast SEO plugin v27.4 - https:\/\/yoast.com\/product\/yoast-seo-wordpress\/ -->\n<title>\u015eirket Hakk\u0131nda - Mahsul<\/title>\n<meta name=\"robots\" content=\"index, follow, max-snippet:-1, max-image-preview:large, max-video-preview:-1\" \/>\n<link rel=\"canonical\" href=\"https:\/\/mahsul.uz\/tr\/sirket-hakkinda\/\" \/>\n<meta property=\"og:locale\" content=\"tr_TR\" \/>\n<meta property=\"og:type\" content=\"article\" \/>\n<meta property=\"og:title\" content=\"\u015eirket Hakk\u0131nda - Mahsul\" \/>\n<meta property=\"og:description\" content=\"Mahsul, \u00d6zbekistan genelindeki tar\u0131msal \u00fcreticileri bir araya getiren ve ihracat\u0131 kontroll\u00fc ve \u00f6l\u00e7eklenebilir bir sistem olarak y\u00f6neten bir tar\u0131m tedarik\u00e7isidir. Biz tek seferlik bir t\u00fcccar veya arac\u0131 de\u011filiz.Mahsul, birden fazla \u00e7iftlikten hacimleri birle\u015ftirir, kaliteyi standartla\u015ft\u0131r\u0131r, \u00fcr\u00fcn haz\u0131rl\u0131\u011f\u0131n\u0131 ve lojisti\u011fi y\u00f6netir ve al\u0131c\u0131ya kar\u015f\u0131 nihai sonu\u00e7tan sorumludur. Amac\u0131m\u0131z, \u00d6zbek tar\u0131m \u00fcr\u00fcnlerini uluslararas\u0131 pazarlar i\u00e7in kalite, hacim [&hellip;]\" \/>\n<meta property=\"og:url\" content=\"https:\/\/mahsul.uz\/tr\/sirket-hakkinda\/\" \/>\n<meta property=\"og:site_name\" content=\"Mahsul\" \/>\n<meta property=\"article:publisher\" content=\"https:\/\/www.facebook.com\/mahsulglobal\" \/>\n<meta property=\"article:modified_time\" content=\"2026-01-20T09:31:49+00:00\" \/>\n<meta property=\"og:image\" content=\"https:\/\/mahsul.uz\/wp-content\/uploads\/2025\/12\/Mahsul-Web.png\" \/>\n\t<meta property=\"og:image:width\" content=\"1500\" \/>\n\t<meta property=\"og:image:height\" content=\"1500\" \/>\n\t<meta property=\"og:image:type\" content=\"image\/png\" \/>\n<meta name=\"twitter:card\" content=\"summary_large_image\" \/>\n<meta name=\"twitter:label1\" content=\"Tahmini okuma s\u00fcresi\" \/>\n\t<meta name=\"twitter:data1\" content=\"2 dakika\" \/>\n<script type=\"application\/ld+json\" class=\"yoast-schema-graph\">{\"@context\":\"https:\\\/\\\/schema.org\",\"@graph\":[{\"@type\":\"WebPage\",\"@id\":\"https:\\\/\\\/mahsul.uz\\\/tr\\\/sirket-hakkinda\\\/\",\"url\":\"https:\\\/\\\/mahsul.uz\\\/tr\\\/sirket-hakkinda\\\/\",\"name\":\"\u015eirket Hakk\u0131nda - Mahsul\",\"isPartOf\":{\"@id\":\"https:\\\/\\\/mahsul.uz\\\/tr\\\/#website\"},\"datePublished\":\"2025-09-20T08:36:46+00:00\",\"dateModified\":\"2026-01-20T09:31:49+00:00\",\"breadcrumb\":{\"@id\":\"https:\\\/\\\/mahsul.uz\\\/tr\\\/sirket-hakkinda\\\/#breadcrumb\"},\"inLanguage\":\"tr\",\"potentialAction\":[{\"@type\":\"ReadAction\",\"target\":[\"https:\\\/\\\/mahsul.uz\\\/tr\\\/sirket-hakkinda\\\/\"]}]},{\"@type\":\"BreadcrumbList\",\"@id\":\"https:\\\/\\\/mahsul.uz\\\/tr\\\/sirket-hakkinda\\\/#breadcrumb\",\"itemListElement\":[{\"@type\":\"ListItem\",\"position\":1,\"name\":\"Ana Sayfa\",\"item\":\"https:\\\/\\\/mahsul.uz\\\/tr\\\/\"},{\"@type\":\"ListItem\",\"position\":2,\"name\":\"\u015eirket Hakk\u0131nda\"}]},{\"@type\":\"WebSite\",\"@id\":\"https:\\\/\\\/mahsul.uz\\\/tr\\\/#website\",\"url\":\"https:\\\/\\\/mahsul.uz\\\/tr\\\/\",\"name\":\"Mahsul\",\"description\":\"\u00d6zbekistan&#039;da tar\u0131msal toplay\u0131c\u0131\",\"publisher\":{\"@id\":\"https:\\\/\\\/mahsul.uz\\\/tr\\\/#organization\"},\"potentialAction\":[{\"@type\":\"SearchAction\",\"target\":{\"@type\":\"EntryPoint\",\"urlTemplate\":\"https:\\\/\\\/mahsul.uz\\\/tr\\\/?s={search_term_string}\"},\"query-input\":{\"@type\":\"PropertyValueSpecification\",\"valueRequired\":true,\"valueName\":\"search_term_string\"}}],\"inLanguage\":\"tr\"},{\"@type\":\"Organization\",\"@id\":\"https:\\\/\\\/mahsul.uz\\\/tr\\\/#organization\",\"name\":\"Mahsul\",\"url\":\"https:\\\/\\\/mahsul.uz\\\/tr\\\/\",\"logo\":{\"@type\":\"ImageObject\",\"inLanguage\":\"tr\",\"@id\":\"https:\\\/\\\/mahsul.uz\\\/tr\\\/#\\\/schema\\\/logo\\\/image\\\/\",\"url\":\"https:\\\/\\\/mahsul.uz\\\/wp-content\\\/uploads\\\/2025\\\/12\\\/Mahsul-Web.png\",\"contentUrl\":\"https:\\\/\\\/mahsul.uz\\\/wp-content\\\/uploads\\\/2025\\\/12\\\/Mahsul-Web.png\",\"width\":1500,\"height\":1500,\"caption\":\"Mahsul\"},\"image\":{\"@id\":\"https:\\\/\\\/mahsul.uz\\\/tr\\\/#\\\/schema\\\/logo\\\/image\\\/\"},\"sameAs\":[\"https:\\\/\\\/www.facebook.com\\\/mahsulglobal\",\"https:\\\/\\\/www.instagram.com\\\/mahsulgroup\",\"https:\\\/\\\/www.linkedin.com\\\/company\\\/mahsul\\\/\"]}]}<\/script>\n<!-- \/ Yoast SEO plugin. -->","yoast_head_json":{"title":"\u015eirket Hakk\u0131nda - Mahsul","robots":{"index":"index","follow":"follow","max-snippet":"max-snippet:-1","max-image-preview":"max-image-preview:large","max-video-preview":"max-video-preview:-1"},"canonical":"https:\/\/mahsul.uz\/tr\/sirket-hakkinda\/","og_locale":"tr_TR","og_type":"article","og_title":"\u015eirket Hakk\u0131nda - Mahsul","og_description":"Mahsul, \u00d6zbekistan genelindeki tar\u0131msal \u00fcreticileri bir araya getiren ve ihracat\u0131 kontroll\u00fc ve \u00f6l\u00e7eklenebilir bir sistem olarak y\u00f6neten bir tar\u0131m tedarik\u00e7isidir. Biz tek seferlik bir t\u00fcccar veya arac\u0131 de\u011filiz.Mahsul, birden fazla \u00e7iftlikten hacimleri birle\u015ftirir, kaliteyi standartla\u015ft\u0131r\u0131r, \u00fcr\u00fcn haz\u0131rl\u0131\u011f\u0131n\u0131 ve lojisti\u011fi y\u00f6netir ve al\u0131c\u0131ya kar\u015f\u0131 nihai sonu\u00e7tan sorumludur. Amac\u0131m\u0131z, \u00d6zbek tar\u0131m \u00fcr\u00fcnlerini uluslararas\u0131 pazarlar i\u00e7in kalite, hacim [&hellip;]","og_url":"https:\/\/mahsul.uz\/tr\/sirket-hakkinda\/","og_site_name":"Mahsul","article_publisher":"https:\/\/www.facebook.com\/mahsulglobal","article_modified_time":"2026-01-20T09:31:49+00:00","og_image":[{"width":1500,"height":1500,"url":"https:\/\/mahsul.uz\/wp-content\/uploads\/2025\/12\/Mahsul-Web.png","type":"image\/png"}],"twitter_card":"summary_large_image","twitter_misc":{"Tahmini okuma s\u00fcresi":"2 dakika"},"schema":{"@context":"https:\/\/schema.org","@graph":[{"@type":"WebPage","@id":"https:\/\/mahsul.uz\/tr\/sirket-hakkinda\/","url":"https:\/\/mahsul.uz\/tr\/sirket-hakkinda\/","name":"\u015eirket Hakk\u0131nda - Mahsul","isPartOf":{"@id":"https:\/\/mahsul.uz\/tr\/#website"},"datePublished":"2025-09-20T08:36:46+00:00","dateModified":"2026-01-20T09:31:49+00:00","breadcrumb":{"@id":"https:\/\/mahsul.uz\/tr\/sirket-hakkinda\/#breadcrumb"},"inLanguage":"tr","potentialAction":[{"@type":"ReadAction","target":["https:\/\/mahsul.uz\/tr\/sirket-hakkinda\/"]}]},{"@type":"BreadcrumbList","@id":"https:\/\/mahsul.uz\/tr\/sirket-hakkinda\/#breadcrumb","itemListElement":[{"@type":"ListItem","position":1,"name":"Ana Sayfa","item":"https:\/\/mahsul.uz\/tr\/"},{"@type":"ListItem","position":2,"name":"\u015eirket Hakk\u0131nda"}]},{"@type":"WebSite","@id":"https:\/\/mahsul.uz\/tr\/#website","url":"https:\/\/mahsul.uz\/tr\/","name":"Mahsul","description":"\u00d6zbekistan&#039;da tar\u0131msal toplay\u0131c\u0131","publisher":{"@id":"https:\/\/mahsul.uz\/tr\/#organization"},"potentialAction":[{"@type":"SearchAction","target":{"@type":"EntryPoint","urlTemplate":"https:\/\/mahsul.uz\/tr\/?s={search_term_string}"},"query-input":{"@type":"PropertyValueSpecification","valueRequired":true,"valueName":"search_term_string"}}],"inLanguage":"tr"},{"@type":"Organization","@id":"https:\/\/mahsul.uz\/tr\/#organization","name":"Mahsul","url":"https:\/\/mahsul.uz\/tr\/","logo":{"@type":"ImageObject","inLanguage":"tr","@id":"https:\/\/mahsul.uz\/tr\/#\/schema\/logo\/image\/","url":"https:\/\/mahsul.uz\/wp-content\/uploads\/2025\/12\/Mahsul-Web.png","contentUrl":"https:\/\/mahsul.uz\/wp-content\/uploads\/2025\/12\/Mahsul-Web.png","width":1500,"height":1500,"caption":"Mahsul"},"image":{"@id":"https:\/\/mahsul.uz\/tr\/#\/schema\/logo\/image\/"},"sameAs":["https:\/\/www.facebook.com\/mahsulglobal","https:\/\/www.instagram.com\/mahsulgroup","https:\/\/www.linkedin.com\/company\/mahsul\/"]}]}},"_links":{"self":[{"href":"https:\/\/mahsul.uz\/tr\/wp-json\/wp\/v2\/pages\/2617","targetHints":{"allow":["GET"]}}],"collection":[{"href":"https:\/\/mahsul.uz\/tr\/wp-json\/wp\/v2\/pages"}],"about":[{"href":"https:\/\/mahsul.uz\/tr\/wp-json\/wp\/v2\/types\/page"}],"author":[{"embeddable":true,"href":"https:\/\/mahsul.uz\/tr\/wp-json\/wp\/v2\/users\/1"}],"replies":[{"embeddable":true,"href":"https:\/\/mahsul.uz\/tr\/wp-json\/wp\/v2\/comments?post=2617"}],"version-history":[{"count":21,"href":"https:\/\/mahsul.uz\/tr\/wp-json\/wp\/v2\/pages\/2617\/revisions"}],"predecessor-version":[{"id":3553,"href":"https:\/\/mahsul.uz\/tr\/wp-json\/wp\/v2\/pages\/2617\/revisions\/3553"}],"wp:attachment":[{"href":"https:\/\/mahsul.uz\/tr\/wp-json\/wp\/v2\/media?parent=2617"}],"curies":[{"name":"wp","href":"https:\/\/api.w.org\/{rel}","templated":true}]}}