{"id":2627,"date":"2025-09-20T13:37:44","date_gmt":"2025-09-20T08:37:44","guid":{"rendered":"https:\/\/mahsul.uz\/bolumler\/"},"modified":"2025-12-08T02:35:23","modified_gmt":"2025-12-07T21:35:23","slug":"bolumler","status":"publish","type":"page","link":"https:\/\/mahsul.uz\/tr\/bolumler\/","title":{"rendered":"B\u00f6l\u00fcmler"},"content":{"rendered":"\t\t<div data-elementor-type=\"wp-page\" data-elementor-id=\"2627\" class=\"elementor elementor-2627 elementor-30\">\n\t\t\t\t<div class=\"elementor-element elementor-element-005bb28 e-flex e-con-boxed e-con e-parent\" data-id=\"005bb28\" data-element_type=\"container\" data-e-type=\"container\">\n\t\t\t\t\t<div class=\"e-con-inner\">\n\t\t\t\t<div class=\"elementor-element elementor-element-6ba204e elementor-widget elementor-widget-text-editor\" data-id=\"6ba204e\" data-element_type=\"widget\" data-e-type=\"widget\" data-widget_type=\"text-editor.default\">\n\t\t\t\t\t\t\t\t\t<p data-start=\"130\" data-end=\"415\">Mahsul \u015firketi, \u00d6zbek meyve ve sebze \u00fcr\u00fcnlerini uluslararas\u0131 pazarlarda kapsaml\u0131 bir \u015fekilde temsil etmek i\u00e7in birka\u00e7 kilit alan geli\u015ftirmektedir. Her b\u00f6l\u00fcm\u00fcn kendi uzmanl\u0131\u011f\u0131 vard\u0131r, ancak tek bir marka, kalite standartlar\u0131 ve \u015feffafl\u0131k felsefesi alt\u0131nda birle\u015ftirilmi\u015ftir. <\/p><p data-start=\"1996\" data-end=\"2246\">Mahsul&#8217;un her b\u00f6l\u00fcm\u00fc \u00e7ift\u00e7iler ve \u00fcreticilerle yak\u0131n i\u015fbirli\u011fi i\u00e7inde \u00e7al\u0131\u015fmaktad\u0131r. \u00d6zbekistan&#8217;\u0131n \u00fcr\u00fcnlerinin d\u00fcnya pazar\u0131n\u0131n en y\u00fcksek standartlar\u0131n\u0131 kar\u015f\u0131lamas\u0131n\u0131 sa\u011flamak i\u00e7in e\u011fitim, analiz, finansman ve pazarlama deste\u011fi sa\u011fl\u0131yoruz. <\/p><p data-start=\"2248\" data-end=\"2340\">Mahsul, \u00d6zbek meyve ve sebze \u00fcr\u00fcnlerinin \u00e7e\u015fitlili\u011fini birle\u015ftiren tek bir markad\u0131r.<\/p>\t\t\t\t\t\t\t\t<\/div>\n\t\t\t\t\t<\/div>\n\t\t\t\t<\/div>\n\t\t<div class=\"elementor-element elementor-element-faeb271 e-flex e-con-boxed e-con e-parent\" data-id=\"faeb271\" data-element_type=\"container\" data-e-type=\"container\">\n\t\t\t\t\t<div class=\"e-con-inner\">\n\t\t<div class=\"elementor-element elementor-element-838bb42 e-con-full e-flex e-con e-child\" data-id=\"838bb42\" data-element_type=\"container\" data-e-type=\"container\">\n\t\t<div class=\"elementor-element elementor-element-1a2ab3b e-con-full e-flex e-con e-child\" data-id=\"1a2ab3b\" data-element_type=\"container\" data-e-type=\"container\" data-settings=\"{&quot;background_background&quot;:&quot;classic&quot;}\">\n\t\t\t\t<\/div>\n\t\t\t\t<div class=\"elementor-element elementor-element-395cc19 elementor-widget elementor-widget-heading\" data-id=\"395cc19\" data-element_type=\"widget\" data-e-type=\"widget\" data-widget_type=\"heading.default\">\n\t\t\t\t\t<h2 class=\"elementor-heading-title elementor-size-default\">Mahsul Fresh<\/h2>\t\t\t\t<\/div>\n\t\t\t\t<div class=\"elementor-element elementor-element-40df896 elementor-widget elementor-widget-text-editor\" data-id=\"40df896\" data-element_type=\"widget\" data-e-type=\"widget\" data-widget_type=\"text-editor.default\">\n\t\t\t\t\t\t\t\t\t<p data-start=\"465\" data-end=\"580\">\u00d6zbekistan&#8217;\u0131n ekolojik olarak temiz ko\u015fullar\u0131nda yeti\u015ftirilmi\u015f geni\u015f bir taze meyve ve sebze yelpazesi tedarik etmekteyiz.<\/p><ul data-start=\"581\" data-end=\"752\"><li data-start=\"581\" data-end=\"656\"><p data-start=\"583\" data-end=\"656\">tarladan m\u00fc\u015fteri deposuna kadar s\u0131k\u0131 kalite kontrol\u00fc ve so\u011fuk zincir,<\/p><\/li><li data-start=\"657\" data-end=\"695\"><p data-start=\"659\" data-end=\"695\">modern ambalajlama ve s\u0131n\u0131fland\u0131rma,<\/p><\/li><li data-start=\"696\" data-end=\"752\"><p data-start=\"698\" data-end=\"752\">perakende, HoReCa ve toptan al\u0131c\u0131lar i\u00e7in \u00fcr\u00fcnler.<\/p><\/li><\/ul><p data-start=\"754\" data-end=\"822\">Mahsul Fresh, \u00d6zbekistan&#8217;\u0131n tazeli\u011fi, lezzeti ve do\u011fall\u0131\u011f\u0131d\u0131r.<\/p>\t\t\t\t\t\t\t\t<\/div>\n\t\t\t\t<div class=\"elementor-element elementor-element-1cf01e3 elementor-widget elementor-widget-button\" data-id=\"1cf01e3\" data-element_type=\"widget\" data-e-type=\"widget\" data-widget_type=\"button.default\">\n\t\t\t\t\t\t\t\t\t\t<a class=\"elementor-button elementor-button-link elementor-size-sm\" href=\"https:\/\/mahsul.uz\/tr\/bolumler\/mahsul-fresh\/\">\n\t\t\t\t\t\t<span class=\"elementor-button-content-wrapper\">\n\t\t\t\t\t\t\t\t\t<span class=\"elementor-button-text\">Daha fazla bilgi<\/span>\n\t\t\t\t\t<\/span>\n\t\t\t\t\t<\/a>\n\t\t\t\t\t\t\t\t<\/div>\n\t\t\t\t<\/div>\n\t\t<div class=\"elementor-element elementor-element-96fdddd e-con-full e-flex e-con e-child\" data-id=\"96fdddd\" data-element_type=\"container\" data-e-type=\"container\">\n\t\t<div class=\"elementor-element elementor-element-6893fcd e-con-full e-flex e-con e-child\" data-id=\"6893fcd\" data-element_type=\"container\" data-e-type=\"container\" data-settings=\"{&quot;background_background&quot;:&quot;classic&quot;}\">\n\t\t\t\t<\/div>\n\t\t\t\t<div class=\"elementor-element elementor-element-e6fdd58 elementor-widget elementor-widget-heading\" data-id=\"e6fdd58\" data-element_type=\"widget\" data-e-type=\"widget\" data-widget_type=\"heading.default\">\n\t\t\t\t\t<h2 class=\"elementor-heading-title elementor-size-default\">Mahsul Dry<\/h2>\t\t\t\t<\/div>\n\t\t\t\t<div class=\"elementor-element elementor-element-253b812 elementor-widget elementor-widget-text-editor\" data-id=\"253b812\" data-element_type=\"widget\" data-e-type=\"widget\" data-widget_type=\"text-editor.default\">\n\t\t\t\t\t\t\t\t\t<p data-start=\"867\" data-end=\"970\">Kuru \u00fcz\u00fcm, kay\u0131s\u0131, erik, incir, ceviz, badem ve f\u0131st\u0131k konusunda uzmanla\u015fan b\u00f6l\u00fcm.<\/p><ul data-start=\"971\" data-end=\"1173\"><li data-start=\"971\" data-end=\"1041\"><p data-start=\"973\" data-end=\"1041\">modern teknolojilerle birle\u015ftirilmi\u015f geleneksel kurutma y\u00f6ntemleri,<\/p><\/li><li data-start=\"1042\" data-end=\"1106\"><p data-start=\"1044\" data-end=\"1106\">uluslararas\u0131 standartlarla onaylanm\u0131\u015f y\u00fcksek kalite,<\/p><\/li><li data-start=\"1107\" data-end=\"1173\"><p data-start=\"1109\" data-end=\"1173\">pazar\u0131n farkl\u0131 segmentleri i\u00e7in uygun ambalajlama ve toptan teslimatlar.<\/p><\/li><\/ul><p data-start=\"1175\" data-end=\"1243\">Mahsul Dry, her \u00fcr\u00fcnde do\u011fan\u0131n enerjisi ve sa\u011fl\u0131kt\u0131r.<\/p>\t\t\t\t\t\t\t\t<\/div>\n\t\t\t\t<div class=\"elementor-element elementor-element-7c59b85 elementor-widget elementor-widget-button\" data-id=\"7c59b85\" data-element_type=\"widget\" data-e-type=\"widget\" data-widget_type=\"button.default\">\n\t\t\t\t\t\t\t\t\t\t<a class=\"elementor-button elementor-button-link elementor-size-sm\" href=\"https:\/\/mahsul.uz\/tr\/bolumler\/mahsul-dry\/\">\n\t\t\t\t\t\t<span class=\"elementor-button-content-wrapper\">\n\t\t\t\t\t\t\t\t\t<span class=\"elementor-button-text\">Daha fazla bilgi<\/span>\n\t\t\t\t\t<\/span>\n\t\t\t\t\t<\/a>\n\t\t\t\t\t\t\t\t<\/div>\n\t\t\t\t<\/div>\n\t\t\t\t\t<\/div>\n\t\t\t\t<\/div>\n\t\t<div class=\"elementor-element elementor-element-974b96b e-flex e-con-boxed e-con e-parent\" data-id=\"974b96b\" data-element_type=\"container\" data-e-type=\"container\">\n\t\t\t\t\t<div class=\"e-con-inner\">\n\t\t<div class=\"elementor-element elementor-element-eaf8c92 e-con-full e-flex e-con e-child\" data-id=\"eaf8c92\" data-element_type=\"container\" data-e-type=\"container\">\n\t\t<div class=\"elementor-element elementor-element-b1ad5ef e-con-full e-flex e-con e-child\" data-id=\"b1ad5ef\" data-element_type=\"container\" data-e-type=\"container\" data-settings=\"{&quot;background_background&quot;:&quot;classic&quot;}\">\n\t\t\t\t<\/div>\n\t\t\t\t<div class=\"elementor-element elementor-element-cd20154 elementor-widget elementor-widget-heading\" data-id=\"cd20154\" data-element_type=\"widget\" data-e-type=\"widget\" data-widget_type=\"heading.default\">\n\t\t\t\t\t<h2 class=\"elementor-heading-title elementor-size-default\">Mahsul Frozen<\/h2>\t\t\t\t<\/div>\n\t\t\t\t<div class=\"elementor-element elementor-element-5520f65 elementor-widget elementor-widget-text-editor\" data-id=\"5520f65\" data-element_type=\"widget\" data-e-type=\"widget\" data-widget_type=\"text-editor.default\">\n\t\t\t\t\t\t\t\t\t<p data-start=\"1300\" data-end=\"1410\">\u00dcr\u00fcnlerin lezzet, doku ve besin de\u011ferlerini korumak i\u00e7in \u015fok dondurma teknolojilerini kullanmaktay\u0131z.<\/p><ul data-start=\"1411\" data-end=\"1573\"><li data-start=\"1411\" data-end=\"1459\"><p data-start=\"1413\" data-end=\"1459\">sebze ve meyvelerin y\u0131l boyunca mevcudiyeti,<\/p><\/li><li data-start=\"1460\" data-end=\"1519\"><p data-start=\"1462\" data-end=\"1519\">perakende i\u00e7in ambalajlama ve i\u015fleme y\u00f6nelik toptan teslimatlar,<\/p><\/li><li data-start=\"1520\" data-end=\"1573\"><p data-start=\"1522\" data-end=\"1573\">HoReCa ve end\u00fcstri gereksinimlerine uygunluk.<\/p><\/li><\/ul><p data-start=\"1575\" data-end=\"1632\">Mahsul Frozen, y\u0131l\u0131n her mevsiminde hasat tazeli\u011fidir.<\/p>\t\t\t\t\t\t\t\t<\/div>\n\t\t\t\t<div class=\"elementor-element elementor-element-979f668 elementor-widget elementor-widget-button\" data-id=\"979f668\" data-element_type=\"widget\" data-e-type=\"widget\" data-widget_type=\"button.default\">\n\t\t\t\t\t\t\t\t\t\t<a class=\"elementor-button elementor-button-link elementor-size-sm\" href=\"https:\/\/mahsul.uz\/tr\/bolumler\/mahsul-frozen\/\">\n\t\t\t\t\t\t<span class=\"elementor-button-content-wrapper\">\n\t\t\t\t\t\t\t\t\t<span class=\"elementor-button-text\">Daha fazla bilgi<\/span>\n\t\t\t\t\t<\/span>\n\t\t\t\t\t<\/a>\n\t\t\t\t\t\t\t\t<\/div>\n\t\t\t\t<\/div>\n\t\t<div class=\"elementor-element elementor-element-8b468e6 e-con-full e-flex e-con e-child\" data-id=\"8b468e6\" data-element_type=\"container\" data-e-type=\"container\">\n\t\t<div class=\"elementor-element elementor-element-0e7c4ca e-con-full e-flex e-con e-child\" data-id=\"0e7c4ca\" data-element_type=\"container\" data-e-type=\"container\" data-settings=\"{&quot;background_background&quot;:&quot;classic&quot;}\">\n\t\t\t\t<\/div>\n\t\t\t\t<div class=\"elementor-element elementor-element-9a47409 elementor-widget elementor-widget-heading\" data-id=\"9a47409\" data-element_type=\"widget\" data-e-type=\"widget\" data-widget_type=\"heading.default\">\n\t\t\t\t\t<h2 class=\"elementor-heading-title elementor-size-default\">Mahsul Pulses<\/h2>\t\t\t\t<\/div>\n\t\t\t\t<div class=\"elementor-element elementor-element-722fb55 elementor-widget elementor-widget-text-editor\" data-id=\"722fb55\" data-element_type=\"widget\" data-e-type=\"widget\" data-widget_type=\"text-editor.default\">\n\t\t\t\t\t\t\t\t\t<p data-start=\"1678\" data-end=\"1749\">Ma\u015f fasulyesi, fasulye ve nohut konusunda uzmanla\u015fan b\u00f6l\u00fcm.<\/p><ul data-start=\"1750\" data-end=\"1915\"><li data-start=\"1750\" data-end=\"1799\"><p data-start=\"1752\" data-end=\"1799\">modern temizleme, s\u0131n\u0131fland\u0131rma ve kalibrasyon,<\/p><\/li><li data-start=\"1800\" data-end=\"1850\"><p data-start=\"1802\" data-end=\"1850\">ambalajl\u0131 \u00fcr\u00fcnden b\u00fcy\u00fck \u00e7uvallara kadar ambalajlama,<\/p><\/li><li data-start=\"1851\" data-end=\"1915\"><p data-start=\"1853\" data-end=\"1915\">perakende, i\u015fleme ve uluslararas\u0131 t\u00fcccarlar i\u00e7in teslimatlar.<\/p><\/li><\/ul><p data-start=\"1917\" data-end=\"1973\">Mahsul Pulses, g\u00fcvenilir bir protein ve enerji kayna\u011f\u0131d\u0131r.<\/p>\t\t\t\t\t\t\t\t<\/div>\n\t\t\t\t<div class=\"elementor-element elementor-element-0d7cb8c elementor-widget elementor-widget-button\" data-id=\"0d7cb8c\" data-element_type=\"widget\" data-e-type=\"widget\" data-widget_type=\"button.default\">\n\t\t\t\t\t\t\t\t\t\t<a class=\"elementor-button elementor-button-link elementor-size-sm\" href=\"https:\/\/mahsul.uz\/tr\/bolumler\/mahsul-pulses\/\">\n\t\t\t\t\t\t<span class=\"elementor-button-content-wrapper\">\n\t\t\t\t\t\t\t\t\t<span class=\"elementor-button-text\">Daha fazla bilgi<\/span>\n\t\t\t\t\t<\/span>\n\t\t\t\t\t<\/a>\n\t\t\t\t\t\t\t\t<\/div>\n\t\t\t\t<\/div>\n\t\t\t\t\t<\/div>\n\t\t\t\t<\/div>\n\t\t<div class=\"elementor-element elementor-element-34e57258 e-flex e-con-boxed e-con e-parent\" data-id=\"34e57258\" data-element_type=\"container\" data-e-type=\"container\" data-settings=\"{&quot;background_background&quot;:&quot;classic&quot;}\">\n\t\t\t\t\t<div class=\"e-con-inner\">\n\t\t\t\t<div class=\"elementor-element elementor-element-16ca0aa1 elementor-widget elementor-widget-heading\" data-id=\"16ca0aa1\" data-element_type=\"widget\" data-e-type=\"widget\" data-widget_type=\"heading.default\">\n\t\t\t\t\t<h1 class=\"elementor-heading-title elementor-size-default\">\u0130\u015fbirli\u011fine Davet Ediyoruz<\/h1>\t\t\t\t<\/div>\n\t\t\t\t<div class=\"elementor-element elementor-element-66664046 elementor-widget elementor-widget-text-editor\" data-id=\"66664046\" data-element_type=\"widget\" data-e-type=\"widget\" data-widget_type=\"text-editor.default\">\n\t\t\t\t\t\t\t\t\t<p>Ba\u015far\u0131l\u0131 ve kar\u015f\u0131l\u0131kl\u0131 faydal\u0131 i\u015fbirli\u011fi i\u00e7in en iyi ko\u015fullar\u0131 sunmaya haz\u0131r\u0131z.<\/p>\t\t\t\t\t\t\t\t<\/div>\n\t\t\t\t<div class=\"elementor-element elementor-element-60cbc083 elementor-align-center omw-open-modal elementor-widget elementor-widget-button\" data-id=\"60cbc083\" data-element_type=\"widget\" data-e-type=\"widget\" data-widget_type=\"button.default\">\n\t\t\t\t\t\t\t\t\t\t<a class=\"elementor-button elementor-button-link elementor-size-sm\" href=\"#omw-3144\">\n\t\t\t\t\t\t<span class=\"elementor-button-content-wrapper\">\n\t\t\t\t\t\t\t\t\t<span class=\"elementor-button-text\">Ba\u015fvuru B\u0131rak\u0131n<\/span>\n\t\t\t\t\t<\/span>\n\t\t\t\t\t<\/a>\n\t\t\t\t\t\t\t\t<\/div>\n\t\t\t\t\t<\/div>\n\t\t\t\t<\/div>\n\t\t\t\t<\/div>\n\t\t","protected":false},"excerpt":{"rendered":"<p>Mahsul \u015firketi, \u00d6zbek meyve ve sebze \u00fcr\u00fcnlerini uluslararas\u0131 pazarlarda kapsaml\u0131 bir \u015fekilde temsil etmek i\u00e7in birka\u00e7 kilit alan geli\u015ftirmektedir. Her b\u00f6l\u00fcm\u00fcn kendi uzmanl\u0131\u011f\u0131 vard\u0131r, ancak tek bir marka, kalite standartlar\u0131 ve \u015feffafl\u0131k felsefesi alt\u0131nda birle\u015ftirilmi\u015ftir. Mahsul&#8217;un her b\u00f6l\u00fcm\u00fc \u00e7ift\u00e7iler ve \u00fcreticilerle yak\u0131n i\u015fbirli\u011fi i\u00e7inde \u00e7al\u0131\u015fmaktad\u0131r. \u00d6zbekistan&#8217;\u0131n \u00fcr\u00fcnlerinin d\u00fcnya pazar\u0131n\u0131n en y\u00fcksek standartlar\u0131n\u0131 kar\u015f\u0131lamas\u0131n\u0131 sa\u011flamak i\u00e7in [&hellip;]<\/p>\n","protected":false},"author":1,"featured_media":0,"parent":0,"menu_order":30,"comment_status":"closed","ping_status":"closed","template":"","meta":{"inline_featured_image":false,"ocean_post_layout":"","ocean_both_sidebars_style":"","ocean_both_sidebars_content_width":0,"ocean_both_sidebars_sidebars_width":0,"ocean_sidebar":"","ocean_second_sidebar":"","ocean_disable_margins":"enable","ocean_add_body_class":"","ocean_shortcode_before_top_bar":"","ocean_shortcode_after_top_bar":"","ocean_shortcode_before_header":"","ocean_shortcode_after_header":"","ocean_has_shortcode":"","ocean_shortcode_after_title":"","ocean_shortcode_before_footer_widgets":"","ocean_shortcode_after_footer_widgets":"","ocean_shortcode_before_footer_bottom":"","ocean_shortcode_after_footer_bottom":"","ocean_display_top_bar":"default","ocean_display_header":"default","ocean_header_style":"","ocean_center_header_left_menu":"","ocean_custom_header_template":"","ocean_custom_logo":0,"ocean_custom_retina_logo":0,"ocean_custom_logo_max_width":0,"ocean_custom_logo_tablet_max_width":0,"ocean_custom_logo_mobile_max_width":0,"ocean_custom_logo_max_height":0,"ocean_custom_logo_tablet_max_height":0,"ocean_custom_logo_mobile_max_height":0,"ocean_header_custom_menu":"","ocean_menu_typo_font_family":"","ocean_menu_typo_font_subset":"","ocean_menu_typo_font_size":0,"ocean_menu_typo_font_size_tablet":0,"ocean_menu_typo_font_size_mobile":0,"ocean_menu_typo_font_size_unit":"px","ocean_menu_typo_font_weight":"","ocean_menu_typo_font_weight_tablet":"","ocean_menu_typo_font_weight_mobile":"","ocean_menu_typo_transform":"","ocean_menu_typo_transform_tablet":"","ocean_menu_typo_transform_mobile":"","ocean_menu_typo_line_height":0,"ocean_menu_typo_line_height_tablet":0,"ocean_menu_typo_line_height_mobile":0,"ocean_menu_typo_line_height_unit":"","ocean_menu_typo_spacing":0,"ocean_menu_typo_spacing_tablet":0,"ocean_menu_typo_spacing_mobile":0,"ocean_menu_typo_spacing_unit":"","ocean_menu_link_color":"","ocean_menu_link_color_hover":"","ocean_menu_link_color_active":"","ocean_menu_link_background":"","ocean_menu_link_hover_background":"","ocean_menu_link_active_background":"","ocean_menu_social_links_bg":"","ocean_menu_social_hover_links_bg":"","ocean_menu_social_links_color":"","ocean_menu_social_hover_links_color":"","ocean_disable_title":"default","ocean_disable_heading":"default","ocean_post_title":"","ocean_post_subheading":"Mahsul'un b\u00f6l\u00fcmleri, her \u00fcr\u00fcn kategorisinin profesyonelce ve uluslararas\u0131 pazarlara odaklanarak geli\u015fti\u011fi b\u00fct\u00fcnsel bir sistemdir.","ocean_post_title_style":"","ocean_post_title_background_color":"","ocean_post_title_background":0,"ocean_post_title_bg_image_position":"","ocean_post_title_bg_image_attachment":"","ocean_post_title_bg_image_repeat":"","ocean_post_title_bg_image_size":"","ocean_post_title_height":0,"ocean_post_title_bg_overlay":0.5,"ocean_post_title_bg_overlay_color":"","ocean_disable_breadcrumbs":"default","ocean_breadcrumbs_color":"","ocean_breadcrumbs_separator_color":"","ocean_breadcrumbs_links_color":"","ocean_breadcrumbs_links_hover_color":"","ocean_display_footer_widgets":"default","ocean_display_footer_bottom":"default","ocean_custom_footer_template":"","omw_enable_modal_window":"enable","footnotes":""},"class_list":["post-2627","page","type-page","status-publish","hentry","entry"],"yoast_head":"<!-- This site is optimized with the Yoast SEO plugin v27.4 - https:\/\/yoast.com\/product\/yoast-seo-wordpress\/ -->\n<title>B\u00f6l\u00fcmler - Mahsul<\/title>\n<meta name=\"robots\" content=\"index, follow, max-snippet:-1, max-image-preview:large, max-video-preview:-1\" \/>\n<link rel=\"canonical\" href=\"https:\/\/mahsul.uz\/tr\/bolumler\/\" \/>\n<meta property=\"og:locale\" content=\"tr_TR\" \/>\n<meta property=\"og:type\" content=\"article\" \/>\n<meta property=\"og:title\" content=\"B\u00f6l\u00fcmler - Mahsul\" \/>\n<meta property=\"og:description\" content=\"Mahsul \u015firketi, \u00d6zbek meyve ve sebze \u00fcr\u00fcnlerini uluslararas\u0131 pazarlarda kapsaml\u0131 bir \u015fekilde temsil etmek i\u00e7in birka\u00e7 kilit alan geli\u015ftirmektedir. Her b\u00f6l\u00fcm\u00fcn kendi uzmanl\u0131\u011f\u0131 vard\u0131r, ancak tek bir marka, kalite standartlar\u0131 ve \u015feffafl\u0131k felsefesi alt\u0131nda birle\u015ftirilmi\u015ftir. Mahsul&#8217;un her b\u00f6l\u00fcm\u00fc \u00e7ift\u00e7iler ve \u00fcreticilerle yak\u0131n i\u015fbirli\u011fi i\u00e7inde \u00e7al\u0131\u015fmaktad\u0131r. \u00d6zbekistan&#8217;\u0131n \u00fcr\u00fcnlerinin d\u00fcnya pazar\u0131n\u0131n en y\u00fcksek standartlar\u0131n\u0131 kar\u015f\u0131lamas\u0131n\u0131 sa\u011flamak i\u00e7in [&hellip;]\" \/>\n<meta property=\"og:url\" content=\"https:\/\/mahsul.uz\/tr\/bolumler\/\" \/>\n<meta property=\"og:site_name\" content=\"Mahsul\" \/>\n<meta property=\"article:publisher\" content=\"https:\/\/www.facebook.com\/mahsulglobal\" \/>\n<meta property=\"article:modified_time\" content=\"2025-12-07T21:35:23+00:00\" \/>\n<meta property=\"og:image\" content=\"https:\/\/mahsul.uz\/wp-content\/uploads\/2025\/12\/Mahsul-Web.png\" \/>\n\t<meta property=\"og:image:width\" content=\"1500\" \/>\n\t<meta property=\"og:image:height\" content=\"1500\" \/>\n\t<meta property=\"og:image:type\" content=\"image\/png\" \/>\n<meta name=\"twitter:card\" content=\"summary_large_image\" \/>\n<meta name=\"twitter:label1\" content=\"Tahmini okuma s\u00fcresi\" \/>\n\t<meta name=\"twitter:data1\" content=\"2 dakika\" \/>\n<script type=\"application\/ld+json\" class=\"yoast-schema-graph\">{\"@context\":\"https:\\\/\\\/schema.org\",\"@graph\":[{\"@type\":\"WebPage\",\"@id\":\"https:\\\/\\\/mahsul.uz\\\/tr\\\/bolumler\\\/\",\"url\":\"https:\\\/\\\/mahsul.uz\\\/tr\\\/bolumler\\\/\",\"name\":\"B\u00f6l\u00fcmler - Mahsul\",\"isPartOf\":{\"@id\":\"https:\\\/\\\/mahsul.uz\\\/tr\\\/#website\"},\"datePublished\":\"2025-09-20T08:37:44+00:00\",\"dateModified\":\"2025-12-07T21:35:23+00:00\",\"breadcrumb\":{\"@id\":\"https:\\\/\\\/mahsul.uz\\\/tr\\\/bolumler\\\/#breadcrumb\"},\"inLanguage\":\"tr\",\"potentialAction\":[{\"@type\":\"ReadAction\",\"target\":[\"https:\\\/\\\/mahsul.uz\\\/tr\\\/bolumler\\\/\"]}]},{\"@type\":\"BreadcrumbList\",\"@id\":\"https:\\\/\\\/mahsul.uz\\\/tr\\\/bolumler\\\/#breadcrumb\",\"itemListElement\":[{\"@type\":\"ListItem\",\"position\":1,\"name\":\"Ana Sayfa\",\"item\":\"https:\\\/\\\/mahsul.uz\\\/tr\\\/\"},{\"@type\":\"ListItem\",\"position\":2,\"name\":\"B\u00f6l\u00fcmler\"}]},{\"@type\":\"WebSite\",\"@id\":\"https:\\\/\\\/mahsul.uz\\\/tr\\\/#website\",\"url\":\"https:\\\/\\\/mahsul.uz\\\/tr\\\/\",\"name\":\"Mahsul\",\"description\":\"\u00d6zbekistan&#039;da tar\u0131msal toplay\u0131c\u0131\",\"publisher\":{\"@id\":\"https:\\\/\\\/mahsul.uz\\\/tr\\\/#organization\"},\"potentialAction\":[{\"@type\":\"SearchAction\",\"target\":{\"@type\":\"EntryPoint\",\"urlTemplate\":\"https:\\\/\\\/mahsul.uz\\\/tr\\\/?s={search_term_string}\"},\"query-input\":{\"@type\":\"PropertyValueSpecification\",\"valueRequired\":true,\"valueName\":\"search_term_string\"}}],\"inLanguage\":\"tr\"},{\"@type\":\"Organization\",\"@id\":\"https:\\\/\\\/mahsul.uz\\\/tr\\\/#organization\",\"name\":\"Mahsul\",\"url\":\"https:\\\/\\\/mahsul.uz\\\/tr\\\/\",\"logo\":{\"@type\":\"ImageObject\",\"inLanguage\":\"tr\",\"@id\":\"https:\\\/\\\/mahsul.uz\\\/tr\\\/#\\\/schema\\\/logo\\\/image\\\/\",\"url\":\"https:\\\/\\\/mahsul.uz\\\/wp-content\\\/uploads\\\/2025\\\/12\\\/Mahsul-Web.png\",\"contentUrl\":\"https:\\\/\\\/mahsul.uz\\\/wp-content\\\/uploads\\\/2025\\\/12\\\/Mahsul-Web.png\",\"width\":1500,\"height\":1500,\"caption\":\"Mahsul\"},\"image\":{\"@id\":\"https:\\\/\\\/mahsul.uz\\\/tr\\\/#\\\/schema\\\/logo\\\/image\\\/\"},\"sameAs\":[\"https:\\\/\\\/www.facebook.com\\\/mahsulglobal\",\"https:\\\/\\\/www.instagram.com\\\/mahsulgroup\",\"https:\\\/\\\/www.linkedin.com\\\/company\\\/mahsul\\\/\"]}]}<\/script>\n<!-- \/ Yoast SEO plugin. -->","yoast_head_json":{"title":"B\u00f6l\u00fcmler - Mahsul","robots":{"index":"index","follow":"follow","max-snippet":"max-snippet:-1","max-image-preview":"max-image-preview:large","max-video-preview":"max-video-preview:-1"},"canonical":"https:\/\/mahsul.uz\/tr\/bolumler\/","og_locale":"tr_TR","og_type":"article","og_title":"B\u00f6l\u00fcmler - Mahsul","og_description":"Mahsul \u015firketi, \u00d6zbek meyve ve sebze \u00fcr\u00fcnlerini uluslararas\u0131 pazarlarda kapsaml\u0131 bir \u015fekilde temsil etmek i\u00e7in birka\u00e7 kilit alan geli\u015ftirmektedir. Her b\u00f6l\u00fcm\u00fcn kendi uzmanl\u0131\u011f\u0131 vard\u0131r, ancak tek bir marka, kalite standartlar\u0131 ve \u015feffafl\u0131k felsefesi alt\u0131nda birle\u015ftirilmi\u015ftir. Mahsul&#8217;un her b\u00f6l\u00fcm\u00fc \u00e7ift\u00e7iler ve \u00fcreticilerle yak\u0131n i\u015fbirli\u011fi i\u00e7inde \u00e7al\u0131\u015fmaktad\u0131r. \u00d6zbekistan&#8217;\u0131n \u00fcr\u00fcnlerinin d\u00fcnya pazar\u0131n\u0131n en y\u00fcksek standartlar\u0131n\u0131 kar\u015f\u0131lamas\u0131n\u0131 sa\u011flamak i\u00e7in [&hellip;]","og_url":"https:\/\/mahsul.uz\/tr\/bolumler\/","og_site_name":"Mahsul","article_publisher":"https:\/\/www.facebook.com\/mahsulglobal","article_modified_time":"2025-12-07T21:35:23+00:00","og_image":[{"width":1500,"height":1500,"url":"https:\/\/mahsul.uz\/wp-content\/uploads\/2025\/12\/Mahsul-Web.png","type":"image\/png"}],"twitter_card":"summary_large_image","twitter_misc":{"Tahmini okuma s\u00fcresi":"2 dakika"},"schema":{"@context":"https:\/\/schema.org","@graph":[{"@type":"WebPage","@id":"https:\/\/mahsul.uz\/tr\/bolumler\/","url":"https:\/\/mahsul.uz\/tr\/bolumler\/","name":"B\u00f6l\u00fcmler - Mahsul","isPartOf":{"@id":"https:\/\/mahsul.uz\/tr\/#website"},"datePublished":"2025-09-20T08:37:44+00:00","dateModified":"2025-12-07T21:35:23+00:00","breadcrumb":{"@id":"https:\/\/mahsul.uz\/tr\/bolumler\/#breadcrumb"},"inLanguage":"tr","potentialAction":[{"@type":"ReadAction","target":["https:\/\/mahsul.uz\/tr\/bolumler\/"]}]},{"@type":"BreadcrumbList","@id":"https:\/\/mahsul.uz\/tr\/bolumler\/#breadcrumb","itemListElement":[{"@type":"ListItem","position":1,"name":"Ana Sayfa","item":"https:\/\/mahsul.uz\/tr\/"},{"@type":"ListItem","position":2,"name":"B\u00f6l\u00fcmler"}]},{"@type":"WebSite","@id":"https:\/\/mahsul.uz\/tr\/#website","url":"https:\/\/mahsul.uz\/tr\/","name":"Mahsul","description":"\u00d6zbekistan&#039;da tar\u0131msal toplay\u0131c\u0131","publisher":{"@id":"https:\/\/mahsul.uz\/tr\/#organization"},"potentialAction":[{"@type":"SearchAction","target":{"@type":"EntryPoint","urlTemplate":"https:\/\/mahsul.uz\/tr\/?s={search_term_string}"},"query-input":{"@type":"PropertyValueSpecification","valueRequired":true,"valueName":"search_term_string"}}],"inLanguage":"tr"},{"@type":"Organization","@id":"https:\/\/mahsul.uz\/tr\/#organization","name":"Mahsul","url":"https:\/\/mahsul.uz\/tr\/","logo":{"@type":"ImageObject","inLanguage":"tr","@id":"https:\/\/mahsul.uz\/tr\/#\/schema\/logo\/image\/","url":"https:\/\/mahsul.uz\/wp-content\/uploads\/2025\/12\/Mahsul-Web.png","contentUrl":"https:\/\/mahsul.uz\/wp-content\/uploads\/2025\/12\/Mahsul-Web.png","width":1500,"height":1500,"caption":"Mahsul"},"image":{"@id":"https:\/\/mahsul.uz\/tr\/#\/schema\/logo\/image\/"},"sameAs":["https:\/\/www.facebook.com\/mahsulglobal","https:\/\/www.instagram.com\/mahsulgroup","https:\/\/www.linkedin.com\/company\/mahsul\/"]}]}},"_links":{"self":[{"href":"https:\/\/mahsul.uz\/tr\/wp-json\/wp\/v2\/pages\/2627","targetHints":{"allow":["GET"]}}],"collection":[{"href":"https:\/\/mahsul.uz\/tr\/wp-json\/wp\/v2\/pages"}],"about":[{"href":"https:\/\/mahsul.uz\/tr\/wp-json\/wp\/v2\/types\/page"}],"author":[{"embeddable":true,"href":"https:\/\/mahsul.uz\/tr\/wp-json\/wp\/v2\/users\/1"}],"replies":[{"embeddable":true,"href":"https:\/\/mahsul.uz\/tr\/wp-json\/wp\/v2\/comments?post=2627"}],"version-history":[{"count":3,"href":"https:\/\/mahsul.uz\/tr\/wp-json\/wp\/v2\/pages\/2627\/revisions"}],"predecessor-version":[{"id":3293,"href":"https:\/\/mahsul.uz\/tr\/wp-json\/wp\/v2\/pages\/2627\/revisions\/3293"}],"wp:attachment":[{"href":"https:\/\/mahsul.uz\/tr\/wp-json\/wp\/v2\/media?parent=2627"}],"curies":[{"name":"wp","href":"https:\/\/api.w.org\/{rel}","templated":true}]}}